{"id":1370126,"date":"2026-04-09T11:15:15","date_gmt":"2026-04-09T08:15:15","guid":{"rendered":"https:\/\/games.tactic.net\/tuote\/lumo-stars-bear-benny-mini-plush\/"},"modified":"2026-04-09T11:15:15","modified_gmt":"2026-04-09T08:15:15","slug":"lumo-stars-bear-benny-mini-plush","status":"publish","type":"product","link":"https:\/\/games.tactic.net\/fr\/tuote\/lumo-stars-bear-benny-mini-plush\/","title":{"rendered":"Lumo Stars Bear Benny mini plush"},"content":{"rendered":"<p>Benny l\u2019ours est l\u2019incarnation de la force et du r\u00e9confort. Son tissu en peluche color\u00e9 offre une \u00e9treinte parfaite. Ses yeux chaleureux et son sourire doux font de lui un refuge rassurant pour chaque enfant. Sa posture solide montre qu\u2019il est pr\u00eat \u00e0 relever tous les d\u00e9fis ludiques. La taille de ce mini Benny est de 8,5 cm et il est facile \u00e0 accrocher \u00e0 votre sac gr\u00e2ce \u00e0 un clip.<\/p>\n","protected":false},"excerpt":{"rendered":"<p>Benny l\u2019ours est l\u2019incarnation de la force et du r\u00e9confort.<\/p>\n","protected":false},"featured_media":0,"template":"","meta":{"content-type":"","_monsterinsights_skip_tracking":false,"_monsterinsights_sitenote_active":false,"_monsterinsights_sitenote_note":"","_monsterinsights_sitenote_category":0},"product_brand":[],"product_cat":[1894],"product_tag":[],"brand":[],"target-group":[],"discontinued":[],"class_list":{"0":"post-1370126","1":"product","2":"type-product","3":"status-publish","5":"product_cat-mini-peluches","7":"first","8":"instock","9":"taxable","10":"shipping-taxable","11":"product-type-simple"},"aioseo_notices":[],"_links":{"self":[{"href":"https:\/\/games.tactic.net\/fr\/wp-json\/wp\/v2\/product\/1370126","targetHints":{"allow":["GET"]}}],"collection":[{"href":"https:\/\/games.tactic.net\/fr\/wp-json\/wp\/v2\/product"}],"about":[{"href":"https:\/\/games.tactic.net\/fr\/wp-json\/wp\/v2\/types\/product"}],"wp:attachment":[{"href":"https:\/\/games.tactic.net\/fr\/wp-json\/wp\/v2\/media?parent=1370126"}],"wp:term":[{"taxonomy":"product_brand","embeddable":true,"href":"https:\/\/games.tactic.net\/fr\/wp-json\/wp\/v2\/product_brand?post=1370126"},{"taxonomy":"product_cat","embeddable":true,"href":"https:\/\/games.tactic.net\/fr\/wp-json\/wp\/v2\/product_cat?post=1370126"},{"taxonomy":"product_tag","embeddable":true,"href":"https:\/\/games.tactic.net\/fr\/wp-json\/wp\/v2\/product_tag?post=1370126"},{"taxonomy":"brand","embeddable":true,"href":"https:\/\/games.tactic.net\/fr\/wp-json\/wp\/v2\/brand?post=1370126"},{"taxonomy":"target-group","embeddable":true,"href":"https:\/\/games.tactic.net\/fr\/wp-json\/wp\/v2\/target-group?post=1370126"},{"taxonomy":"discontinued","embeddable":true,"href":"https:\/\/games.tactic.net\/fr\/wp-json\/wp\/v2\/discontinued?post=1370126"}],"curies":[{"name":"wp","href":"https:\/\/api.w.org\/{rel}","templated":true}]}}