{"id":1370125,"date":"2026-04-09T11:15:01","date_gmt":"2026-04-09T08:15:01","guid":{"rendered":"https:\/\/games.tactic.net\/tuote\/lumo-stars-reindeer-rudy-classic-plush\/"},"modified":"2026-04-09T11:15:01","modified_gmt":"2026-04-09T08:15:01","slug":"lumo-stars-reindeer-rudy-classic-plush","status":"publish","type":"product","link":"https:\/\/games.tactic.net\/fr\/tuote\/lumo-stars-reindeer-rudy-classic-plush\/","title":{"rendered":"Lumo Stars Reindeer Rudy classic plush"},"content":{"rendered":"<p>Juste \u00e0 temps pour le froid du d\u00e9but du printemps, Rudy le renne arrive avec un pelage violet et une couronne de bois scintillants. Les yeux doux de Rudy en font un compagnon fiable lors des matin\u00e9es printani\u00e8res enneig\u00e9es. Envelopp\u00e9 dans une peluche douce, il incarne l\u2019esprit d\u2019endurance et d\u2019amiti\u00e9.<\/p>\n","protected":false},"excerpt":{"rendered":"<p>Juste \u00e0 temps pour le froid mordant du d\u00e9but du printemps, l\u2019adorable Rudy le renne arrive.<\/p>\n","protected":false},"featured_media":0,"template":"","meta":{"content-type":"","_monsterinsights_skip_tracking":false,"_monsterinsights_sitenote_active":false,"_monsterinsights_sitenote_note":"","_monsterinsights_sitenote_category":0},"product_brand":[],"product_cat":[1892],"product_tag":[],"brand":[{"id":1021,"name":"Lumo Stars","slug":"lumo-stars_fr"}],"target-group":[],"discontinued":[],"class_list":{"0":"post-1370125","1":"product","2":"type-product","3":"status-publish","5":"product_cat-classic-peluches","6":"brand-lumo-stars_fr","8":"first","9":"instock","10":"taxable","11":"shipping-taxable","12":"product-type-simple"},"aioseo_notices":[],"_links":{"self":[{"href":"https:\/\/games.tactic.net\/fr\/wp-json\/wp\/v2\/product\/1370125","targetHints":{"allow":["GET"]}}],"collection":[{"href":"https:\/\/games.tactic.net\/fr\/wp-json\/wp\/v2\/product"}],"about":[{"href":"https:\/\/games.tactic.net\/fr\/wp-json\/wp\/v2\/types\/product"}],"wp:attachment":[{"href":"https:\/\/games.tactic.net\/fr\/wp-json\/wp\/v2\/media?parent=1370125"}],"wp:term":[{"taxonomy":"product_brand","embeddable":true,"href":"https:\/\/games.tactic.net\/fr\/wp-json\/wp\/v2\/product_brand?post=1370125"},{"taxonomy":"product_cat","embeddable":true,"href":"https:\/\/games.tactic.net\/fr\/wp-json\/wp\/v2\/product_cat?post=1370125"},{"taxonomy":"product_tag","embeddable":true,"href":"https:\/\/games.tactic.net\/fr\/wp-json\/wp\/v2\/product_tag?post=1370125"},{"taxonomy":"brand","embeddable":true,"href":"https:\/\/games.tactic.net\/fr\/wp-json\/wp\/v2\/brand?post=1370125"},{"taxonomy":"target-group","embeddable":true,"href":"https:\/\/games.tactic.net\/fr\/wp-json\/wp\/v2\/target-group?post=1370125"},{"taxonomy":"discontinued","embeddable":true,"href":"https:\/\/games.tactic.net\/fr\/wp-json\/wp\/v2\/discontinued?post=1370125"}],"curies":[{"name":"wp","href":"https:\/\/api.w.org\/{rel}","templated":true}]}}