{"id":1370122,"date":"2026-04-09T11:14:21","date_gmt":"2026-04-09T08:14:21","guid":{"rendered":"https:\/\/games.tactic.net\/tuote\/lumo-stars-fox-fenna-mini-plush\/"},"modified":"2026-04-09T11:14:21","modified_gmt":"2026-04-09T08:14:21","slug":"lumo-stars-fox-fenna-mini-plush","status":"publish","type":"product","link":"https:\/\/games.tactic.net\/fr\/tuote\/lumo-stars-fox-fenna-mini-plush\/","title":{"rendered":"Lumo Stars Fox Fenna mini plush"},"content":{"rendered":"<p>Fenna le renard est un personnage \u00e9l\u00e9gant et dynamique dont la fourrure riche et flamboyante refl\u00e8te les teintes fra\u00eeches du printemps. Avec ses yeux malicieux et sa queue touffue, Fenna est pr\u00eate \u00e0 entrer dans votre vie et \u00e0 participer \u00e0 toutes vos aventures. Son tissu en peluche tout doux en fait le compagnon id\u00e9al pour les c\u00e2lins, tandis que son allure joueuse ne manquera pas de vous faire sourire.<\/p>\n","protected":false},"excerpt":{"rendered":"<p>Fenna le renard est un personnage \u00e9l\u00e9gant et dynamique dont la fourrure riche et flamboyante refl\u00e8te les teintes fra\u00eeches du printemps.<\/p>\n","protected":false},"featured_media":0,"template":"","meta":{"content-type":"","_monsterinsights_skip_tracking":false,"_monsterinsights_sitenote_active":false,"_monsterinsights_sitenote_note":"","_monsterinsights_sitenote_category":0},"product_brand":[],"product_cat":[1894],"product_tag":[],"brand":[{"id":1021,"name":"Lumo Stars","slug":"lumo-stars_fr"}],"target-group":[],"discontinued":[],"class_list":{"0":"post-1370122","1":"product","2":"type-product","3":"status-publish","5":"product_cat-mini-peluches","6":"brand-lumo-stars_fr","8":"first","9":"outofstock","10":"taxable","11":"shipping-taxable","12":"product-type-simple"},"aioseo_notices":[],"_links":{"self":[{"href":"https:\/\/games.tactic.net\/fr\/wp-json\/wp\/v2\/product\/1370122","targetHints":{"allow":["GET"]}}],"collection":[{"href":"https:\/\/games.tactic.net\/fr\/wp-json\/wp\/v2\/product"}],"about":[{"href":"https:\/\/games.tactic.net\/fr\/wp-json\/wp\/v2\/types\/product"}],"wp:attachment":[{"href":"https:\/\/games.tactic.net\/fr\/wp-json\/wp\/v2\/media?parent=1370122"}],"wp:term":[{"taxonomy":"product_brand","embeddable":true,"href":"https:\/\/games.tactic.net\/fr\/wp-json\/wp\/v2\/product_brand?post=1370122"},{"taxonomy":"product_cat","embeddable":true,"href":"https:\/\/games.tactic.net\/fr\/wp-json\/wp\/v2\/product_cat?post=1370122"},{"taxonomy":"product_tag","embeddable":true,"href":"https:\/\/games.tactic.net\/fr\/wp-json\/wp\/v2\/product_tag?post=1370122"},{"taxonomy":"brand","embeddable":true,"href":"https:\/\/games.tactic.net\/fr\/wp-json\/wp\/v2\/brand?post=1370122"},{"taxonomy":"target-group","embeddable":true,"href":"https:\/\/games.tactic.net\/fr\/wp-json\/wp\/v2\/target-group?post=1370122"},{"taxonomy":"discontinued","embeddable":true,"href":"https:\/\/games.tactic.net\/fr\/wp-json\/wp\/v2\/discontinued?post=1370122"}],"curies":[{"name":"wp","href":"https:\/\/api.w.org\/{rel}","templated":true}]}}