{"id":1370121,"date":"2026-04-09T11:13:27","date_gmt":"2026-04-09T08:13:27","guid":{"rendered":"https:\/\/games.tactic.net\/tuote\/bex-sport-sunsport-tether-ball\/"},"modified":"2026-04-09T11:13:27","modified_gmt":"2026-04-09T08:13:27","slug":"bex-sport-sunsport-tether-ball","status":"publish","type":"product","link":"https:\/\/games.tactic.net\/fr\/tuote\/bex-sport-sunsport-tether-ball\/","title":{"rendered":"Bex Sport Sunsport Tether Ball"},"content":{"rendered":"<p>Une variante amusante du tennis. Vous jouez l\u2019un contre l\u2019autre et le gagnant est celui qui atteint en premier le bas ou le haut du \u00ab spinner \u00bb m\u00e9tallique. Facile \u00e0 planter dans la pelouse ou le sable. Le jeu est r\u00e9glable sur trois hauteurs diff\u00e9rentes : 124 cm, 131 cm, 138 cm. Fabriqu\u00e9 en m\u00e9tal.<\/p>\n","protected":false},"excerpt":{"rendered":"<p>Sunsport Tether Ball<\/p>\n","protected":false},"featured_media":0,"template":"","meta":{"content-type":"","_monsterinsights_skip_tracking":false,"_monsterinsights_sitenote_active":false,"_monsterinsights_sitenote_note":"","_monsterinsights_sitenote_category":0},"product_brand":[],"product_cat":[2364],"product_tag":[],"brand":[],"target-group":[],"discontinued":[],"class_list":{"0":"post-1370121","1":"product","2":"type-product","3":"status-publish","5":"product_cat-bex-sport","7":"first","8":"instock","9":"taxable","10":"shipping-taxable","11":"product-type-simple"},"aioseo_notices":[],"_links":{"self":[{"href":"https:\/\/games.tactic.net\/fr\/wp-json\/wp\/v2\/product\/1370121","targetHints":{"allow":["GET"]}}],"collection":[{"href":"https:\/\/games.tactic.net\/fr\/wp-json\/wp\/v2\/product"}],"about":[{"href":"https:\/\/games.tactic.net\/fr\/wp-json\/wp\/v2\/types\/product"}],"wp:attachment":[{"href":"https:\/\/games.tactic.net\/fr\/wp-json\/wp\/v2\/media?parent=1370121"}],"wp:term":[{"taxonomy":"product_brand","embeddable":true,"href":"https:\/\/games.tactic.net\/fr\/wp-json\/wp\/v2\/product_brand?post=1370121"},{"taxonomy":"product_cat","embeddable":true,"href":"https:\/\/games.tactic.net\/fr\/wp-json\/wp\/v2\/product_cat?post=1370121"},{"taxonomy":"product_tag","embeddable":true,"href":"https:\/\/games.tactic.net\/fr\/wp-json\/wp\/v2\/product_tag?post=1370121"},{"taxonomy":"brand","embeddable":true,"href":"https:\/\/games.tactic.net\/fr\/wp-json\/wp\/v2\/brand?post=1370121"},{"taxonomy":"target-group","embeddable":true,"href":"https:\/\/games.tactic.net\/fr\/wp-json\/wp\/v2\/target-group?post=1370121"},{"taxonomy":"discontinued","embeddable":true,"href":"https:\/\/games.tactic.net\/fr\/wp-json\/wp\/v2\/discontinued?post=1370121"}],"curies":[{"name":"wp","href":"https:\/\/api.w.org\/{rel}","templated":true}]}}