{"id":1370120,"date":"2026-04-09T11:12:18","date_gmt":"2026-04-09T08:12:18","guid":{"rendered":"https:\/\/games.tactic.net\/tuote\/lumo-stars-german-shepherd-max-mini\/"},"modified":"2026-04-09T11:12:18","modified_gmt":"2026-04-09T08:12:18","slug":"lumo-stars-german-shepherd-max-mini","status":"publish","type":"product","link":"https:\/\/games.tactic.net\/fr\/tuote\/lumo-stars-german-shepherd-max-mini\/","title":{"rendered":"Lumo Stars German Shepherd Max mini"},"content":{"rendered":"<p>Bonjour ! Je suis Max, un chiot Berger Allemand tout c\u00e2lin. Avec mon esprit joueur et ma nature douce, je suis l\u00e0 pour t\u2019offrir des c\u00e2lins \u00e0 volont\u00e9. Cr\u00e9ons ensemble des souvenirs inoubliables en explorant le monde c\u00f4te \u00e0 c\u00f4te ! Taille 8,5 cm.<\/p>\n<p>Personne ne peut r\u00e9sister aux adorables peluches chiens Lumo Stars Puppies. Dans la gamme, vous trouverez les races de chiens les plus populaires ainsi que des accessoires pour prendre soin de votre chiot.<\/p>\n","protected":false},"excerpt":{"rendered":"<p>Bonjour ! Je suis Max, un chiot Berger Allemand tout c\u00e2lin. Avec mon esprit joueur et ma nature douce, je suis l\u00e0 pour t\u2019offrir des c\u00e2lins \u00e0 volont\u00e9. Cr\u00e9ons ensemble des souvenirs inoubliables en explorant le monde c\u00f4te \u00e0 c\u00f4te !<\/p>\n","protected":false},"featured_media":0,"template":"","meta":{"content-type":"","_monsterinsights_skip_tracking":false,"_monsterinsights_sitenote_active":false,"_monsterinsights_sitenote_note":"","_monsterinsights_sitenote_category":0},"product_brand":[],"product_cat":[1894],"product_tag":[],"brand":[],"target-group":[],"discontinued":[],"class_list":{"0":"post-1370120","1":"product","2":"type-product","3":"status-publish","5":"product_cat-mini-peluches","7":"first","8":"instock","9":"taxable","10":"shipping-taxable","11":"product-type-simple"},"aioseo_notices":[],"_links":{"self":[{"href":"https:\/\/games.tactic.net\/fr\/wp-json\/wp\/v2\/product\/1370120","targetHints":{"allow":["GET"]}}],"collection":[{"href":"https:\/\/games.tactic.net\/fr\/wp-json\/wp\/v2\/product"}],"about":[{"href":"https:\/\/games.tactic.net\/fr\/wp-json\/wp\/v2\/types\/product"}],"wp:attachment":[{"href":"https:\/\/games.tactic.net\/fr\/wp-json\/wp\/v2\/media?parent=1370120"}],"wp:term":[{"taxonomy":"product_brand","embeddable":true,"href":"https:\/\/games.tactic.net\/fr\/wp-json\/wp\/v2\/product_brand?post=1370120"},{"taxonomy":"product_cat","embeddable":true,"href":"https:\/\/games.tactic.net\/fr\/wp-json\/wp\/v2\/product_cat?post=1370120"},{"taxonomy":"product_tag","embeddable":true,"href":"https:\/\/games.tactic.net\/fr\/wp-json\/wp\/v2\/product_tag?post=1370120"},{"taxonomy":"brand","embeddable":true,"href":"https:\/\/games.tactic.net\/fr\/wp-json\/wp\/v2\/brand?post=1370120"},{"taxonomy":"target-group","embeddable":true,"href":"https:\/\/games.tactic.net\/fr\/wp-json\/wp\/v2\/target-group?post=1370120"},{"taxonomy":"discontinued","embeddable":true,"href":"https:\/\/games.tactic.net\/fr\/wp-json\/wp\/v2\/discontinued?post=1370120"}],"curies":[{"name":"wp","href":"https:\/\/api.w.org\/{rel}","templated":true}]}}