{"id":1370117,"date":"2026-04-09T11:11:38","date_gmt":"2026-04-09T08:11:38","guid":{"rendered":"https:\/\/games.tactic.net\/tuote\/lumo-stars-cavapoo-teddy-mini-85-cm\/"},"modified":"2026-04-09T11:11:38","modified_gmt":"2026-04-09T08:11:38","slug":"lumo-stars-cavapoo-teddy-mini-85-cm","status":"publish","type":"product","link":"https:\/\/games.tactic.net\/fr\/tuote\/lumo-stars-cavapoo-teddy-mini-85-cm\/","title":{"rendered":"Lumo Stars Cavapoo Teddy mini 8,5 cm"},"content":{"rendered":"<p>Je suis Teddy !<br \/>\nJe suis un Cavapoo tout doux et c\u00e2lin. J\u2019adore les c\u00e2lins chaleureux et les moments de jeu avec mes amis. Es-tu pr\u00eat pour une aventure avec moi ?<br \/>\nCette adorable peluche Cavapoo fera fondre ton c\u0153ur avec sa fourrure douce et ses jolis yeux brillants. Teddy adore les c\u00e2lins et est le compagnon id\u00e9al !<\/p>\n","protected":false},"excerpt":{"rendered":"<p>Je suis Teddy ! Je suis un Cavapoo tout doux et c\u00e2lin.<\/p>\n","protected":false},"featured_media":0,"template":"","meta":{"content-type":"","_monsterinsights_skip_tracking":false,"_monsterinsights_sitenote_active":false,"_monsterinsights_sitenote_note":"","_monsterinsights_sitenote_category":0},"product_brand":[],"product_cat":[1894],"product_tag":[],"brand":[],"target-group":[],"discontinued":[],"class_list":{"0":"post-1370117","1":"product","2":"type-product","3":"status-publish","5":"product_cat-mini-peluches","7":"first","8":"instock","9":"taxable","10":"shipping-taxable","11":"product-type-simple"},"aioseo_notices":[],"_links":{"self":[{"href":"https:\/\/games.tactic.net\/fr\/wp-json\/wp\/v2\/product\/1370117","targetHints":{"allow":["GET"]}}],"collection":[{"href":"https:\/\/games.tactic.net\/fr\/wp-json\/wp\/v2\/product"}],"about":[{"href":"https:\/\/games.tactic.net\/fr\/wp-json\/wp\/v2\/types\/product"}],"wp:attachment":[{"href":"https:\/\/games.tactic.net\/fr\/wp-json\/wp\/v2\/media?parent=1370117"}],"wp:term":[{"taxonomy":"product_brand","embeddable":true,"href":"https:\/\/games.tactic.net\/fr\/wp-json\/wp\/v2\/product_brand?post=1370117"},{"taxonomy":"product_cat","embeddable":true,"href":"https:\/\/games.tactic.net\/fr\/wp-json\/wp\/v2\/product_cat?post=1370117"},{"taxonomy":"product_tag","embeddable":true,"href":"https:\/\/games.tactic.net\/fr\/wp-json\/wp\/v2\/product_tag?post=1370117"},{"taxonomy":"brand","embeddable":true,"href":"https:\/\/games.tactic.net\/fr\/wp-json\/wp\/v2\/brand?post=1370117"},{"taxonomy":"target-group","embeddable":true,"href":"https:\/\/games.tactic.net\/fr\/wp-json\/wp\/v2\/target-group?post=1370117"},{"taxonomy":"discontinued","embeddable":true,"href":"https:\/\/games.tactic.net\/fr\/wp-json\/wp\/v2\/discontinued?post=1370117"}],"curies":[{"name":"wp","href":"https:\/\/api.w.org\/{rel}","templated":true}]}}