{"id":1370114,"date":"2026-04-09T11:11:05","date_gmt":"2026-04-09T08:11:05","guid":{"rendered":"https:\/\/games.tactic.net\/tuote\/lumo-stars-staffordshire-terrier-rocky-classic\/"},"modified":"2026-04-09T11:11:05","modified_gmt":"2026-04-09T08:11:05","slug":"lumo-stars-staffordshire-terrier-rocky-classic","status":"publish","type":"product","link":"https:\/\/games.tactic.net\/fr\/tuote\/lumo-stars-staffordshire-terrier-rocky-classic\/","title":{"rendered":"Lumo Stars Staffordshire Terrier Rocky Classic"},"content":{"rendered":"<p>Je suis Rocky, le fid\u00e8le Staffordshire Terrier. Je suis toujours pr\u00eat \u00e0 \u00eatre ton compagnon loyal pour toutes les aventures. Partons ensemble pour d\u2019innombrables escapades pleines de c\u00e2lins ! Taille 15 cm.<\/p>\n<p>Personne ne peut r\u00e9sister aux adorables peluches chiens Lumo Stars Puppies. Dans la gamme, vous trouverez les races de chiens les plus populaires ainsi que des accessoires pour prendre soin de votre chiot.<\/p>\n","protected":false},"excerpt":{"rendered":"<p>Je suis Rocky, le fid\u00e8le Staffordshire Terrier. Je suis toujours pr\u00eat \u00e0 \u00eatre ton compagnon loyal pour toutes les aventures. Partons ensemble pour d\u2019innombrables escapades pleines de c\u00e2lins !<\/p>\n","protected":false},"featured_media":0,"template":"","meta":{"content-type":"","_monsterinsights_skip_tracking":false,"_monsterinsights_sitenote_active":false,"_monsterinsights_sitenote_note":"","_monsterinsights_sitenote_category":0},"product_brand":[],"product_cat":[1892],"product_tag":[],"brand":[],"target-group":[],"discontinued":[],"class_list":{"0":"post-1370114","1":"product","2":"type-product","3":"status-publish","5":"product_cat-classic-peluches","7":"first","8":"outofstock","9":"taxable","10":"shipping-taxable","11":"product-type-simple"},"aioseo_notices":[],"_links":{"self":[{"href":"https:\/\/games.tactic.net\/fr\/wp-json\/wp\/v2\/product\/1370114","targetHints":{"allow":["GET"]}}],"collection":[{"href":"https:\/\/games.tactic.net\/fr\/wp-json\/wp\/v2\/product"}],"about":[{"href":"https:\/\/games.tactic.net\/fr\/wp-json\/wp\/v2\/types\/product"}],"wp:attachment":[{"href":"https:\/\/games.tactic.net\/fr\/wp-json\/wp\/v2\/media?parent=1370114"}],"wp:term":[{"taxonomy":"product_brand","embeddable":true,"href":"https:\/\/games.tactic.net\/fr\/wp-json\/wp\/v2\/product_brand?post=1370114"},{"taxonomy":"product_cat","embeddable":true,"href":"https:\/\/games.tactic.net\/fr\/wp-json\/wp\/v2\/product_cat?post=1370114"},{"taxonomy":"product_tag","embeddable":true,"href":"https:\/\/games.tactic.net\/fr\/wp-json\/wp\/v2\/product_tag?post=1370114"},{"taxonomy":"brand","embeddable":true,"href":"https:\/\/games.tactic.net\/fr\/wp-json\/wp\/v2\/brand?post=1370114"},{"taxonomy":"target-group","embeddable":true,"href":"https:\/\/games.tactic.net\/fr\/wp-json\/wp\/v2\/target-group?post=1370114"},{"taxonomy":"discontinued","embeddable":true,"href":"https:\/\/games.tactic.net\/fr\/wp-json\/wp\/v2\/discontinued?post=1370114"}],"curies":[{"name":"wp","href":"https:\/\/api.w.org\/{rel}","templated":true}]}}