{"id":1370112,"date":"2026-04-09T11:10:34","date_gmt":"2026-04-09T08:10:34","guid":{"rendered":"https:\/\/games.tactic.net\/tuote\/lumo-stars-cavapoo-teddy-classic\/"},"modified":"2026-04-09T11:10:34","modified_gmt":"2026-04-09T08:10:34","slug":"lumo-stars-cavapoo-teddy-classic","status":"publish","type":"product","link":"https:\/\/games.tactic.net\/fr\/tuote\/lumo-stars-cavapoo-teddy-classic\/","title":{"rendered":"Lumo Stars Cavapoo Teddy Classic"},"content":{"rendered":"<p>Je suis Teddy !<br \/>\nJe suis un Cavapoo tout doux et c\u00e2lin. J\u2019adore les c\u00e2lins chaleureux et les moments de jeu avec mes amis. Es-tu pr\u00eat pour une aventure avec moi ?<br \/>\nCette adorable peluche Cavapoo de 15 cm fera fondre ton c\u0153ur avec sa fourrure douce et ses jolis yeux brillants. Teddy adore les c\u00e2lins et est le compagnon id\u00e9al pour tous les \u00e2ges !<\/p>\n<p>Personne ne peut r\u00e9sister aux adorables peluches chiens Lumo Stars Puppies. Dans la gamme, vous trouverez les races de chiens les plus populaires ainsi que des accessoires pour prendre soin de votre chiot.<\/p>\n<p>Lumo Stars est une collection de peluches douces et absolument irr\u00e9sistibles. Ce sont de merveilleux compagnons de jeu, chacun avec sa propre personnalit\u00e9 et son apparence unique. Les peluches existent en diff\u00e9rentes tailles et arborent de magnifiques couleurs inspir\u00e9es de la nature nordique.<\/p>\n","protected":false},"excerpt":{"rendered":"<p>Je suis Teddy ! Je suis un Cavapoo tout doux et c\u00e2lin.<\/p>\n","protected":false},"featured_media":0,"template":"","meta":{"content-type":"","_monsterinsights_skip_tracking":false,"_monsterinsights_sitenote_active":false,"_monsterinsights_sitenote_note":"","_monsterinsights_sitenote_category":0},"product_brand":[],"product_cat":[1892],"product_tag":[],"brand":[],"target-group":[],"discontinued":[],"class_list":{"0":"post-1370112","1":"product","2":"type-product","3":"status-publish","5":"product_cat-classic-peluches","7":"first","8":"instock","9":"taxable","10":"shipping-taxable","11":"product-type-simple"},"aioseo_notices":[],"_links":{"self":[{"href":"https:\/\/games.tactic.net\/fr\/wp-json\/wp\/v2\/product\/1370112","targetHints":{"allow":["GET"]}}],"collection":[{"href":"https:\/\/games.tactic.net\/fr\/wp-json\/wp\/v2\/product"}],"about":[{"href":"https:\/\/games.tactic.net\/fr\/wp-json\/wp\/v2\/types\/product"}],"wp:attachment":[{"href":"https:\/\/games.tactic.net\/fr\/wp-json\/wp\/v2\/media?parent=1370112"}],"wp:term":[{"taxonomy":"product_brand","embeddable":true,"href":"https:\/\/games.tactic.net\/fr\/wp-json\/wp\/v2\/product_brand?post=1370112"},{"taxonomy":"product_cat","embeddable":true,"href":"https:\/\/games.tactic.net\/fr\/wp-json\/wp\/v2\/product_cat?post=1370112"},{"taxonomy":"product_tag","embeddable":true,"href":"https:\/\/games.tactic.net\/fr\/wp-json\/wp\/v2\/product_tag?post=1370112"},{"taxonomy":"brand","embeddable":true,"href":"https:\/\/games.tactic.net\/fr\/wp-json\/wp\/v2\/brand?post=1370112"},{"taxonomy":"target-group","embeddable":true,"href":"https:\/\/games.tactic.net\/fr\/wp-json\/wp\/v2\/target-group?post=1370112"},{"taxonomy":"discontinued","embeddable":true,"href":"https:\/\/games.tactic.net\/fr\/wp-json\/wp\/v2\/discontinued?post=1370112"}],"curies":[{"name":"wp","href":"https:\/\/api.w.org\/{rel}","templated":true}]}}