{"id":1370110,"date":"2026-04-09T11:10:11","date_gmt":"2026-04-09T08:10:11","guid":{"rendered":"https:\/\/games.tactic.net\/tuote\/lumo-stars-maltese-dog-rosie-huge\/"},"modified":"2026-04-09T11:10:11","modified_gmt":"2026-04-09T08:10:11","slug":"lumo-stars-maltese-dog-rosie-huge","status":"publish","type":"product","link":"https:\/\/games.tactic.net\/fr\/tuote\/lumo-stars-maltese-dog-rosie-huge\/","title":{"rendered":"Lumo Stars Maltese dog Rosie huge"},"content":{"rendered":"<p>J\u2019ai un pelage blanc soyeux et je m\u2019appelle Rosie. Je suis un chiot Maltais et j\u2019aimerais \u00eatre ton amie. Taille 42 cm.<\/p>\n<p>Personne ne peut r\u00e9sister aux adorables peluches chiens Lumo Stars Puppies. Dans la gamme, vous trouverez les races de chiens les plus populaires ainsi que des accessoires pour prendre soin de votre chiot.<\/p>\n<p>Lumo Stars est une collection de peluches douces et absolument irr\u00e9sistibles. Ce sont de merveilleux compagnons de jeu, chacun avec sa propre personnalit\u00e9 et son apparence unique. Les peluches existent en diff\u00e9rentes tailles et arborent de magnifiques couleurs inspir\u00e9es de la nature nordique.<\/p>\n","protected":false},"excerpt":{"rendered":"<p>J\u2019ai un pelage blanc soyeux et je m\u2019appelle Rosie. Je suis un chiot Maltais et j\u2019aimerais \u00eatre ton ami.<\/p>\n","protected":false},"featured_media":0,"template":"","meta":{"content-type":"","_monsterinsights_skip_tracking":false,"_monsterinsights_sitenote_active":false,"_monsterinsights_sitenote_note":"","_monsterinsights_sitenote_category":0},"product_brand":[],"product_cat":[2371],"product_tag":[],"brand":[],"target-group":[],"discontinued":[],"class_list":{"0":"post-1370110","1":"product","2":"type-product","3":"status-publish","5":"product_cat-huge","7":"first","8":"instock","9":"taxable","10":"shipping-taxable","11":"product-type-simple"},"aioseo_notices":[],"_links":{"self":[{"href":"https:\/\/games.tactic.net\/fr\/wp-json\/wp\/v2\/product\/1370110","targetHints":{"allow":["GET"]}}],"collection":[{"href":"https:\/\/games.tactic.net\/fr\/wp-json\/wp\/v2\/product"}],"about":[{"href":"https:\/\/games.tactic.net\/fr\/wp-json\/wp\/v2\/types\/product"}],"wp:attachment":[{"href":"https:\/\/games.tactic.net\/fr\/wp-json\/wp\/v2\/media?parent=1370110"}],"wp:term":[{"taxonomy":"product_brand","embeddable":true,"href":"https:\/\/games.tactic.net\/fr\/wp-json\/wp\/v2\/product_brand?post=1370110"},{"taxonomy":"product_cat","embeddable":true,"href":"https:\/\/games.tactic.net\/fr\/wp-json\/wp\/v2\/product_cat?post=1370110"},{"taxonomy":"product_tag","embeddable":true,"href":"https:\/\/games.tactic.net\/fr\/wp-json\/wp\/v2\/product_tag?post=1370110"},{"taxonomy":"brand","embeddable":true,"href":"https:\/\/games.tactic.net\/fr\/wp-json\/wp\/v2\/brand?post=1370110"},{"taxonomy":"target-group","embeddable":true,"href":"https:\/\/games.tactic.net\/fr\/wp-json\/wp\/v2\/target-group?post=1370110"},{"taxonomy":"discontinued","embeddable":true,"href":"https:\/\/games.tactic.net\/fr\/wp-json\/wp\/v2\/discontinued?post=1370110"}],"curies":[{"name":"wp","href":"https:\/\/api.w.org\/{rel}","templated":true}]}}