{"id":1370108,"date":"2026-04-09T11:09:34","date_gmt":"2026-04-09T08:09:34","guid":{"rendered":"https:\/\/games.tactic.net\/tuote\/molkky-original-throwing-game\/"},"modified":"2026-04-09T11:09:34","modified_gmt":"2026-04-09T08:09:34","slug":"molkky-original-throwing-game","status":"publish","type":"product","link":"https:\/\/games.tactic.net\/fr\/tuote\/molkky-original-throwing-game\/","title":{"rendered":"M\u00f6lkky\u00ae Original throwing game"},"content":{"rendered":"<p>Planifiez chaque lancer dans ce jeu d\u2019ext\u00e9rieur pas comme les autres. Chaque quille rapporte des points\u2026 mais plus vous marquez, plus elles s\u2019\u00e9loignent ! Fabriqu\u00e9 en bois v\u00e9ritable, M\u00f6lkky\u00ae est un jeu familial simple et extr\u00eamement populaire. Placez les quilles\u2026 visez et lancez le b\u00e2ton : atteignez exactement 50 points pour gagner ! Si vous d\u00e9passez 50, votre score retombe \u00e0 25. Parfait pour la plage, le parc, les pique-niques, les aires de jeux et le jardin. 2 joueurs et plus ; \u00e0 partir de 6 ans.<\/p>\n","protected":false},"excerpt":{"rendered":"<p>M\u00f6lkky\u00ae est le jeu d\u2019ext\u00e9rieur le plus populaire dans les pays nordiques. Pour gagner, vous devez atteindre exactement 50 points \u2013 si vous d\u00e9passez 50, votre score redescend \u00e0 25. M\u00f6lkky\u00ae est fabriqu\u00e9 avec soin \u00e0 partir de v\u00e9ritable bois de bouleau. Con\u00e7u et fabriqu\u00e9 en Finlande. Pour jouer, il vous suffit d\u2019un espace ext\u00e9rieur, de quelques amis ou de votre famille, et d\u2019un jeu de quilles M\u00f6lkky\u00ae. Aucune force physique n\u2019est requise. Il s\u2019agit du M\u00f6lkky\u00ae original, livr\u00e9 avec une caisse en bois robuste.<\/p>\n","protected":false},"featured_media":0,"template":"","meta":{"content-type":"","_monsterinsights_skip_tracking":false,"_monsterinsights_sitenote_active":false,"_monsterinsights_sitenote_note":"","_monsterinsights_sitenote_category":0},"product_brand":[],"product_cat":[1884],"product_tag":[302,578],"brand":[{"id":1196,"name":"M\u00f6lkky","slug":"molkky_fr"}],"target-group":[],"discontinued":[],"class_list":{"0":"post-1370108","1":"product","2":"type-product","3":"status-publish","5":"product_cat-jeux","6":"product_tag-action","7":"product_tag-habilete","8":"brand-molkky_fr","10":"first","11":"instock","12":"taxable","13":"shipping-taxable","14":"product-type-simple"},"aioseo_notices":[],"_links":{"self":[{"href":"https:\/\/games.tactic.net\/fr\/wp-json\/wp\/v2\/product\/1370108","targetHints":{"allow":["GET"]}}],"collection":[{"href":"https:\/\/games.tactic.net\/fr\/wp-json\/wp\/v2\/product"}],"about":[{"href":"https:\/\/games.tactic.net\/fr\/wp-json\/wp\/v2\/types\/product"}],"wp:attachment":[{"href":"https:\/\/games.tactic.net\/fr\/wp-json\/wp\/v2\/media?parent=1370108"}],"wp:term":[{"taxonomy":"product_brand","embeddable":true,"href":"https:\/\/games.tactic.net\/fr\/wp-json\/wp\/v2\/product_brand?post=1370108"},{"taxonomy":"product_cat","embeddable":true,"href":"https:\/\/games.tactic.net\/fr\/wp-json\/wp\/v2\/product_cat?post=1370108"},{"taxonomy":"product_tag","embeddable":true,"href":"https:\/\/games.tactic.net\/fr\/wp-json\/wp\/v2\/product_tag?post=1370108"},{"taxonomy":"brand","embeddable":true,"href":"https:\/\/games.tactic.net\/fr\/wp-json\/wp\/v2\/brand?post=1370108"},{"taxonomy":"target-group","embeddable":true,"href":"https:\/\/games.tactic.net\/fr\/wp-json\/wp\/v2\/target-group?post=1370108"},{"taxonomy":"discontinued","embeddable":true,"href":"https:\/\/games.tactic.net\/fr\/wp-json\/wp\/v2\/discontinued?post=1370108"}],"curies":[{"name":"wp","href":"https:\/\/api.w.org\/{rel}","templated":true}]}}