{"id":1370106,"date":"2026-04-09T11:09:09","date_gmt":"2026-04-09T08:09:09","guid":{"rendered":"https:\/\/games.tactic.net\/tuote\/tactic-puzzle-lovers-lifestyle-waiting-for-waves-500-pcs-puzzle\/"},"modified":"2026-04-09T11:09:09","modified_gmt":"2026-04-09T08:09:09","slug":"tactic-puzzle-lovers-lifestyle-waiting-for-waves-500-pcs-puzzle","status":"publish","type":"product","link":"https:\/\/games.tactic.net\/fr\/tuote\/tactic-puzzle-lovers-lifestyle-waiting-for-waves-500-pcs-puzzle\/","title":{"rendered":"Tactic Puzzle Lovers LifeSTYLE Waiting for Waves 500 pcs puzzle"},"content":{"rendered":"<p>Capturez l\u2019esprit d\u00e9tendu du littoral avec le puzzle Waiting for Waves de 1000 pi\u00e8ces. Ses couleurs chaleureuses et son ambiance d\u00e9contract\u00e9e rendent l\u2019assemblage particuli\u00e8rement agr\u00e9able. Une fois termin\u00e9, il d\u00e9voile une sc\u00e8ne paisible de plage qui apporte une touche estivale \u00e0 votre collection.<\/p>\n","protected":false},"excerpt":{"rendered":"<p>Capturez l\u2019esprit d\u00e9tendu du littoral avec le puzzle Waiting for Waves de 1000 pi\u00e8ces.<\/p>\n","protected":false},"featured_media":0,"template":"","meta":{"content-type":"","_monsterinsights_skip_tracking":false,"_monsterinsights_sitenote_active":false,"_monsterinsights_sitenote_note":"","_monsterinsights_sitenote_category":0},"product_brand":[],"product_cat":[1880],"product_tag":[],"brand":[{"id":656,"name":"PuzzleLovers","slug":"puzzlelovers_fr"}],"target-group":[],"discontinued":[],"class_list":{"0":"post-1370106","1":"product","2":"type-product","3":"status-publish","5":"product_cat-500-pieces-puzzles-2","6":"brand-puzzlelovers_fr","8":"first","9":"instock","10":"taxable","11":"shipping-taxable","12":"product-type-simple"},"aioseo_notices":[],"_links":{"self":[{"href":"https:\/\/games.tactic.net\/fr\/wp-json\/wp\/v2\/product\/1370106","targetHints":{"allow":["GET"]}}],"collection":[{"href":"https:\/\/games.tactic.net\/fr\/wp-json\/wp\/v2\/product"}],"about":[{"href":"https:\/\/games.tactic.net\/fr\/wp-json\/wp\/v2\/types\/product"}],"wp:attachment":[{"href":"https:\/\/games.tactic.net\/fr\/wp-json\/wp\/v2\/media?parent=1370106"}],"wp:term":[{"taxonomy":"product_brand","embeddable":true,"href":"https:\/\/games.tactic.net\/fr\/wp-json\/wp\/v2\/product_brand?post=1370106"},{"taxonomy":"product_cat","embeddable":true,"href":"https:\/\/games.tactic.net\/fr\/wp-json\/wp\/v2\/product_cat?post=1370106"},{"taxonomy":"product_tag","embeddable":true,"href":"https:\/\/games.tactic.net\/fr\/wp-json\/wp\/v2\/product_tag?post=1370106"},{"taxonomy":"brand","embeddable":true,"href":"https:\/\/games.tactic.net\/fr\/wp-json\/wp\/v2\/brand?post=1370106"},{"taxonomy":"target-group","embeddable":true,"href":"https:\/\/games.tactic.net\/fr\/wp-json\/wp\/v2\/target-group?post=1370106"},{"taxonomy":"discontinued","embeddable":true,"href":"https:\/\/games.tactic.net\/fr\/wp-json\/wp\/v2\/discontinued?post=1370106"}],"curies":[{"name":"wp","href":"https:\/\/api.w.org\/{rel}","templated":true}]}}