{"id":1370104,"date":"2026-04-09T11:08:38","date_gmt":"2026-04-09T08:08:38","guid":{"rendered":"https:\/\/games.tactic.net\/tuote\/tactic-puzzle-lovers-lifestyle-tigers-eye-500-pcs-puzzle\/"},"modified":"2026-04-09T11:08:38","modified_gmt":"2026-04-09T08:08:38","slug":"tactic-puzzle-lovers-lifestyle-tigers-eye-500-pcs-puzzle","status":"publish","type":"product","link":"https:\/\/games.tactic.net\/fr\/tuote\/tactic-puzzle-lovers-lifestyle-tigers-eye-500-pcs-puzzle\/","title":{"rendered":"Tactic Puzzle Lovers LifeSTYLE Tiger&rsquo;s Eye 500 pcs puzzle"},"content":{"rendered":"<p>Ressentez l\u2019intensit\u00e9 de la nature sauvage avec le puzzle Tiger\u2019s Eye de 1000 pi\u00e8ces. Au fil des pi\u00e8ces, l\u2019image r\u00e9v\u00e8le la beaut\u00e9 f\u00e9roce et la force tranquille de l\u2019un des pr\u00e9dateurs les plus embl\u00e9matiques de la nature. Une fois termin\u00e9, le puzzle forme une \u0153uvre forte et m\u00e9morable qui attire tous les regards.<\/p>\n","protected":false},"excerpt":{"rendered":"<p>Ressentez l\u2019intensit\u00e9 de la nature sauvage avec le puzzle Tiger\u2019s Eye de 1000 pi\u00e8ces.<\/p>\n","protected":false},"featured_media":0,"template":"","meta":{"content-type":"","_monsterinsights_skip_tracking":false,"_monsterinsights_sitenote_active":false,"_monsterinsights_sitenote_note":"","_monsterinsights_sitenote_category":0},"product_brand":[],"product_cat":[1880],"product_tag":[],"brand":[{"id":656,"name":"PuzzleLovers","slug":"puzzlelovers_fr"}],"target-group":[],"discontinued":[],"class_list":{"0":"post-1370104","1":"product","2":"type-product","3":"status-publish","5":"product_cat-500-pieces-puzzles-2","6":"brand-puzzlelovers_fr","8":"first","9":"instock","10":"taxable","11":"shipping-taxable","12":"product-type-simple"},"aioseo_notices":[],"_links":{"self":[{"href":"https:\/\/games.tactic.net\/fr\/wp-json\/wp\/v2\/product\/1370104","targetHints":{"allow":["GET"]}}],"collection":[{"href":"https:\/\/games.tactic.net\/fr\/wp-json\/wp\/v2\/product"}],"about":[{"href":"https:\/\/games.tactic.net\/fr\/wp-json\/wp\/v2\/types\/product"}],"wp:attachment":[{"href":"https:\/\/games.tactic.net\/fr\/wp-json\/wp\/v2\/media?parent=1370104"}],"wp:term":[{"taxonomy":"product_brand","embeddable":true,"href":"https:\/\/games.tactic.net\/fr\/wp-json\/wp\/v2\/product_brand?post=1370104"},{"taxonomy":"product_cat","embeddable":true,"href":"https:\/\/games.tactic.net\/fr\/wp-json\/wp\/v2\/product_cat?post=1370104"},{"taxonomy":"product_tag","embeddable":true,"href":"https:\/\/games.tactic.net\/fr\/wp-json\/wp\/v2\/product_tag?post=1370104"},{"taxonomy":"brand","embeddable":true,"href":"https:\/\/games.tactic.net\/fr\/wp-json\/wp\/v2\/brand?post=1370104"},{"taxonomy":"target-group","embeddable":true,"href":"https:\/\/games.tactic.net\/fr\/wp-json\/wp\/v2\/target-group?post=1370104"},{"taxonomy":"discontinued","embeddable":true,"href":"https:\/\/games.tactic.net\/fr\/wp-json\/wp\/v2\/discontinued?post=1370104"}],"curies":[{"name":"wp","href":"https:\/\/api.w.org\/{rel}","templated":true}]}}