{"id":1370102,"date":"2026-04-09T11:08:22","date_gmt":"2026-04-09T08:08:22","guid":{"rendered":"https:\/\/games.tactic.net\/tuote\/tactic-puzzle-lovers-lifestyle-rainbow-staircase-500-pcs-puzzle\/"},"modified":"2026-04-09T11:08:22","modified_gmt":"2026-04-09T08:08:22","slug":"tactic-puzzle-lovers-lifestyle-rainbow-staircase-500-pcs-puzzle","status":"publish","type":"product","link":"https:\/\/games.tactic.net\/fr\/tuote\/tactic-puzzle-lovers-lifestyle-rainbow-staircase-500-pcs-puzzle\/","title":{"rendered":"Tactic Puzzle Lovers LifeSTYLE Rainbow Staircase 500 pcs puzzle"},"content":{"rendered":"<p>Ajoutez une touche de couleur \u00e0 vos moments de puzzle avec le puzzle Rainbow Staircase de 1000 pi\u00e8ces. Ce design accrocheur pr\u00e9sente un escalier peint aux couleurs de l\u2019arc-en-ciel, offrant un visuel moderne et audacieux. Au fil de l\u2019assemblage, l\u2019image se transforme en une composition pleine d\u2019\u00e9nergie et de vie. Un puzzle qui se d\u00e9marque dans toute collection.<\/p>\n","protected":false},"excerpt":{"rendered":"<p>Ajoutez une touche de couleur et d\u2019\u00e9nergie \u00e0 vos moments de puzzle avec le puzzle Rainbow Staircase de 1000 pi\u00e8ces.<\/p>\n","protected":false},"featured_media":0,"template":"","meta":{"content-type":"","_monsterinsights_skip_tracking":false,"_monsterinsights_sitenote_active":false,"_monsterinsights_sitenote_note":"","_monsterinsights_sitenote_category":0},"product_brand":[],"product_cat":[1880],"product_tag":[],"brand":[{"id":656,"name":"PuzzleLovers","slug":"puzzlelovers_fr"}],"target-group":[],"discontinued":[],"class_list":{"0":"post-1370102","1":"product","2":"type-product","3":"status-publish","5":"product_cat-500-pieces-puzzles-2","6":"brand-puzzlelovers_fr","8":"first","9":"outofstock","10":"taxable","11":"shipping-taxable","12":"product-type-simple"},"aioseo_notices":[],"_links":{"self":[{"href":"https:\/\/games.tactic.net\/fr\/wp-json\/wp\/v2\/product\/1370102","targetHints":{"allow":["GET"]}}],"collection":[{"href":"https:\/\/games.tactic.net\/fr\/wp-json\/wp\/v2\/product"}],"about":[{"href":"https:\/\/games.tactic.net\/fr\/wp-json\/wp\/v2\/types\/product"}],"wp:attachment":[{"href":"https:\/\/games.tactic.net\/fr\/wp-json\/wp\/v2\/media?parent=1370102"}],"wp:term":[{"taxonomy":"product_brand","embeddable":true,"href":"https:\/\/games.tactic.net\/fr\/wp-json\/wp\/v2\/product_brand?post=1370102"},{"taxonomy":"product_cat","embeddable":true,"href":"https:\/\/games.tactic.net\/fr\/wp-json\/wp\/v2\/product_cat?post=1370102"},{"taxonomy":"product_tag","embeddable":true,"href":"https:\/\/games.tactic.net\/fr\/wp-json\/wp\/v2\/product_tag?post=1370102"},{"taxonomy":"brand","embeddable":true,"href":"https:\/\/games.tactic.net\/fr\/wp-json\/wp\/v2\/brand?post=1370102"},{"taxonomy":"target-group","embeddable":true,"href":"https:\/\/games.tactic.net\/fr\/wp-json\/wp\/v2\/target-group?post=1370102"},{"taxonomy":"discontinued","embeddable":true,"href":"https:\/\/games.tactic.net\/fr\/wp-json\/wp\/v2\/discontinued?post=1370102"}],"curies":[{"name":"wp","href":"https:\/\/api.w.org\/{rel}","templated":true}]}}