{"id":1370100,"date":"2026-04-09T11:08:05","date_gmt":"2026-04-09T08:08:05","guid":{"rendered":"https:\/\/games.tactic.net\/tuote\/tactic-puzzle-lovers-lifestyle-northern-lights-500-pcs-puzzle\/"},"modified":"2026-04-09T11:08:05","modified_gmt":"2026-04-09T08:08:05","slug":"tactic-puzzle-lovers-lifestyle-northern-lights-500-pcs-puzzle","status":"publish","type":"product","link":"https:\/\/games.tactic.net\/fr\/tuote\/tactic-puzzle-lovers-lifestyle-northern-lights-500-pcs-puzzle\/","title":{"rendered":"Tactic Puzzle Lovers LifeSTYLE Northern Lights 500 pcs puzzle"},"content":{"rendered":"<p>Admirez la beaut\u00e9 \u00e0 couper le souffle du ciel nocturne avec le puzzle Northern Lights de 1000 pi\u00e8ces. Cette sc\u00e8ne spectaculaire capture la magie des aurores bor\u00e9ales dansant dans le ciel et illuminant le paysage de couleurs \u00e9clatantes. Pi\u00e8ce par pi\u00e8ce, l\u2019image prend forme pour r\u00e9v\u00e9ler une sc\u00e8ne \u00e0 la fois dramatique et paisible inspir\u00e9e par la beaut\u00e9 du nord.<\/p>\n","protected":false},"excerpt":{"rendered":"<p>Admirez la beaut\u00e9 \u00e0 couper le souffle du ciel nocturne avec le puzzle Northern Lights de 1000 pi\u00e8ces.<\/p>\n","protected":false},"featured_media":0,"template":"","meta":{"content-type":"","_monsterinsights_skip_tracking":false,"_monsterinsights_sitenote_active":false,"_monsterinsights_sitenote_note":"","_monsterinsights_sitenote_category":0},"product_brand":[],"product_cat":[1880],"product_tag":[],"brand":[{"id":656,"name":"PuzzleLovers","slug":"puzzlelovers_fr"}],"target-group":[],"discontinued":[],"class_list":{"0":"post-1370100","1":"product","2":"type-product","3":"status-publish","5":"product_cat-500-pieces-puzzles-2","6":"brand-puzzlelovers_fr","8":"first","9":"outofstock","10":"taxable","11":"shipping-taxable","12":"product-type-simple"},"aioseo_notices":[],"_links":{"self":[{"href":"https:\/\/games.tactic.net\/fr\/wp-json\/wp\/v2\/product\/1370100","targetHints":{"allow":["GET"]}}],"collection":[{"href":"https:\/\/games.tactic.net\/fr\/wp-json\/wp\/v2\/product"}],"about":[{"href":"https:\/\/games.tactic.net\/fr\/wp-json\/wp\/v2\/types\/product"}],"wp:attachment":[{"href":"https:\/\/games.tactic.net\/fr\/wp-json\/wp\/v2\/media?parent=1370100"}],"wp:term":[{"taxonomy":"product_brand","embeddable":true,"href":"https:\/\/games.tactic.net\/fr\/wp-json\/wp\/v2\/product_brand?post=1370100"},{"taxonomy":"product_cat","embeddable":true,"href":"https:\/\/games.tactic.net\/fr\/wp-json\/wp\/v2\/product_cat?post=1370100"},{"taxonomy":"product_tag","embeddable":true,"href":"https:\/\/games.tactic.net\/fr\/wp-json\/wp\/v2\/product_tag?post=1370100"},{"taxonomy":"brand","embeddable":true,"href":"https:\/\/games.tactic.net\/fr\/wp-json\/wp\/v2\/brand?post=1370100"},{"taxonomy":"target-group","embeddable":true,"href":"https:\/\/games.tactic.net\/fr\/wp-json\/wp\/v2\/target-group?post=1370100"},{"taxonomy":"discontinued","embeddable":true,"href":"https:\/\/games.tactic.net\/fr\/wp-json\/wp\/v2\/discontinued?post=1370100"}],"curies":[{"name":"wp","href":"https:\/\/api.w.org\/{rel}","templated":true}]}}