{"id":1370098,"date":"2026-04-09T11:07:45","date_gmt":"2026-04-09T08:07:45","guid":{"rendered":"https:\/\/games.tactic.net\/tuote\/tactic-puzzle-lovers-lifestyle-feathers-500-pcs-puzzle\/"},"modified":"2026-04-09T11:07:45","modified_gmt":"2026-04-09T08:07:45","slug":"tactic-puzzle-lovers-lifestyle-feathers-500-pcs-puzzle","status":"publish","type":"product","link":"https:\/\/games.tactic.net\/fr\/tuote\/tactic-puzzle-lovers-lifestyle-feathers-500-pcs-puzzle\/","title":{"rendered":"Tactic Puzzle Lovers LifeSTYLE Feathers 500 pcs puzzle"},"content":{"rendered":"<p>D\u00e9couvrez un spectacle color\u00e9 de la beaut\u00e9 de la nature avec le puzzle Feathers de 1000 pi\u00e8ces. Ce design vibrant cr\u00e9e une composition saisissante et dynamique. Au fur et \u00e0 mesure que les pi\u00e8ces s\u2019assemblent, les plumes superpos\u00e9es r\u00e9v\u00e8lent une image \u00e0 la fois audacieuse et \u00e9l\u00e9gante. Une fois termin\u00e9, le puzzle devient une v\u00e9ritable \u0153uvre d\u2019art qui apporte couleur et \u00e9nergie \u00e0 toute collection.<\/p>\n","protected":false},"excerpt":{"rendered":"<p>D\u00e9couvrez un spectacle color\u00e9 de la beaut\u00e9 de la nature avec le puzzle Feathers de 1000 pi\u00e8ces.<\/p>\n","protected":false},"featured_media":0,"template":"","meta":{"content-type":"","_monsterinsights_skip_tracking":false,"_monsterinsights_sitenote_active":false,"_monsterinsights_sitenote_note":"","_monsterinsights_sitenote_category":0},"product_brand":[],"product_cat":[1880],"product_tag":[],"brand":[{"id":656,"name":"PuzzleLovers","slug":"puzzlelovers_fr"}],"target-group":[],"discontinued":[],"class_list":{"0":"post-1370098","1":"product","2":"type-product","3":"status-publish","5":"product_cat-500-pieces-puzzles-2","6":"brand-puzzlelovers_fr","8":"first","9":"instock","10":"taxable","11":"shipping-taxable","12":"product-type-simple"},"aioseo_notices":[],"_links":{"self":[{"href":"https:\/\/games.tactic.net\/fr\/wp-json\/wp\/v2\/product\/1370098","targetHints":{"allow":["GET"]}}],"collection":[{"href":"https:\/\/games.tactic.net\/fr\/wp-json\/wp\/v2\/product"}],"about":[{"href":"https:\/\/games.tactic.net\/fr\/wp-json\/wp\/v2\/types\/product"}],"wp:attachment":[{"href":"https:\/\/games.tactic.net\/fr\/wp-json\/wp\/v2\/media?parent=1370098"}],"wp:term":[{"taxonomy":"product_brand","embeddable":true,"href":"https:\/\/games.tactic.net\/fr\/wp-json\/wp\/v2\/product_brand?post=1370098"},{"taxonomy":"product_cat","embeddable":true,"href":"https:\/\/games.tactic.net\/fr\/wp-json\/wp\/v2\/product_cat?post=1370098"},{"taxonomy":"product_tag","embeddable":true,"href":"https:\/\/games.tactic.net\/fr\/wp-json\/wp\/v2\/product_tag?post=1370098"},{"taxonomy":"brand","embeddable":true,"href":"https:\/\/games.tactic.net\/fr\/wp-json\/wp\/v2\/brand?post=1370098"},{"taxonomy":"target-group","embeddable":true,"href":"https:\/\/games.tactic.net\/fr\/wp-json\/wp\/v2\/target-group?post=1370098"},{"taxonomy":"discontinued","embeddable":true,"href":"https:\/\/games.tactic.net\/fr\/wp-json\/wp\/v2\/discontinued?post=1370098"}],"curies":[{"name":"wp","href":"https:\/\/api.w.org\/{rel}","templated":true}]}}