{"id":1370095,"date":"2026-04-09T11:07:08","date_gmt":"2026-04-09T08:07:08","guid":{"rendered":"https:\/\/games.tactic.net\/tuote\/tactic-puzzle-lovers-santa-claus-in-his-house-1000-pcs-puzzle\/"},"modified":"2026-04-09T11:07:08","modified_gmt":"2026-04-09T08:07:08","slug":"tactic-puzzle-lovers-santa-claus-in-his-house-1000-pcs-puzzle","status":"publish","type":"product","link":"https:\/\/games.tactic.net\/fr\/tuote\/tactic-puzzle-lovers-santa-claus-in-his-house-1000-pcs-puzzle\/","title":{"rendered":"Tactic Puzzle Lovers Santa Claus in his House 1000 pcs puzzle"},"content":{"rendered":"<p>Plongez au c\u0153ur de No\u00ebl avec ce puzzle de 1000 pi\u00e8ces. Cette sc\u00e8ne festive met en sc\u00e8ne le P\u00e8re No\u00ebl \u00e0 l\u2019\u0153uvre dans sa maison chaleureuse, cr\u00e9ant une atmosph\u00e8re nostalgique et magique. \u00c0 r\u00e9aliser seul, en famille ou \u00e0 offrir, ce puzzle est une belle fa\u00e7on d\u2019apporter la chaleur et la tradition de No\u00ebl dans votre int\u00e9rieur. Assemblez la magie de No\u00ebl et voyez la maison du P\u00e8re No\u00ebl prendre vie !<\/p>\n","protected":false},"excerpt":{"rendered":"<p>Assemblez la magie de No\u00ebl et regardez la maison du P\u00e8re No\u00ebl prendre vie avec ce puzzle de 1000 pi\u00e8ces.<\/p>\n","protected":false},"featured_media":0,"template":"","meta":{"content-type":"","_monsterinsights_skip_tracking":false,"_monsterinsights_sitenote_active":false,"_monsterinsights_sitenote_note":"","_monsterinsights_sitenote_category":0},"product_brand":[],"product_cat":[1516],"product_tag":[],"brand":[{"id":656,"name":"PuzzleLovers","slug":"puzzlelovers_fr"}],"target-group":[],"discontinued":[],"class_list":{"0":"post-1370095","1":"product","2":"type-product","3":"status-publish","5":"product_cat-1000-pieces-puzzles-2","6":"brand-puzzlelovers_fr","8":"first","9":"instock","10":"taxable","11":"shipping-taxable","12":"product-type-simple"},"aioseo_notices":[],"_links":{"self":[{"href":"https:\/\/games.tactic.net\/fr\/wp-json\/wp\/v2\/product\/1370095","targetHints":{"allow":["GET"]}}],"collection":[{"href":"https:\/\/games.tactic.net\/fr\/wp-json\/wp\/v2\/product"}],"about":[{"href":"https:\/\/games.tactic.net\/fr\/wp-json\/wp\/v2\/types\/product"}],"wp:attachment":[{"href":"https:\/\/games.tactic.net\/fr\/wp-json\/wp\/v2\/media?parent=1370095"}],"wp:term":[{"taxonomy":"product_brand","embeddable":true,"href":"https:\/\/games.tactic.net\/fr\/wp-json\/wp\/v2\/product_brand?post=1370095"},{"taxonomy":"product_cat","embeddable":true,"href":"https:\/\/games.tactic.net\/fr\/wp-json\/wp\/v2\/product_cat?post=1370095"},{"taxonomy":"product_tag","embeddable":true,"href":"https:\/\/games.tactic.net\/fr\/wp-json\/wp\/v2\/product_tag?post=1370095"},{"taxonomy":"brand","embeddable":true,"href":"https:\/\/games.tactic.net\/fr\/wp-json\/wp\/v2\/brand?post=1370095"},{"taxonomy":"target-group","embeddable":true,"href":"https:\/\/games.tactic.net\/fr\/wp-json\/wp\/v2\/target-group?post=1370095"},{"taxonomy":"discontinued","embeddable":true,"href":"https:\/\/games.tactic.net\/fr\/wp-json\/wp\/v2\/discontinued?post=1370095"}],"curies":[{"name":"wp","href":"https:\/\/api.w.org\/{rel}","templated":true}]}}