{"id":1370094,"date":"2026-04-09T11:06:48","date_gmt":"2026-04-09T08:06:48","guid":{"rendered":"https:\/\/games.tactic.net\/tuote\/tactic-puzzle-lovers-happy-snowman-1000-pcs-puzzle\/"},"modified":"2026-04-09T11:06:48","modified_gmt":"2026-04-09T08:06:48","slug":"tactic-puzzle-lovers-happy-snowman-1000-pcs-puzzle","status":"publish","type":"product","link":"https:\/\/games.tactic.net\/fr\/tuote\/tactic-puzzle-lovers-happy-snowman-1000-pcs-puzzle\/","title":{"rendered":"Tactic Puzzle Lovers Happy Snowman 1000 pcs puzzle"},"content":{"rendered":"<p>Apportez la chaleur des f\u00eates de fin d\u2019ann\u00e9e chez vous avec le puzzle Happy Snowman de 1000 pi\u00e8ces. Parfait pour les amateurs de puzzles, les passionn\u00e9s de No\u00ebl et tous ceux qui aiment les activit\u00e9s hivernales paisibles, il constitue \u00e9galement un merveilleux cadeau de No\u00ebl. Regardez la magie de l\u2019hiver prendre forme pi\u00e8ce par pi\u00e8ce !<\/p>\n","protected":false},"excerpt":{"rendered":"<p>Apportez la chaleur des f\u00eates de fin d\u2019ann\u00e9e chez vous avec le puzzle Happy Snowman de 1000 pi\u00e8ces.<\/p>\n","protected":false},"featured_media":0,"template":"","meta":{"content-type":"","_monsterinsights_skip_tracking":false,"_monsterinsights_sitenote_active":false,"_monsterinsights_sitenote_note":"","_monsterinsights_sitenote_category":0},"product_brand":[],"product_cat":[1516],"product_tag":[],"brand":[{"id":656,"name":"PuzzleLovers","slug":"puzzlelovers_fr"}],"target-group":[],"discontinued":[],"class_list":{"0":"post-1370094","1":"product","2":"type-product","3":"status-publish","5":"product_cat-1000-pieces-puzzles-2","6":"brand-puzzlelovers_fr","8":"first","9":"outofstock","10":"taxable","11":"shipping-taxable","12":"product-type-simple"},"aioseo_notices":[],"_links":{"self":[{"href":"https:\/\/games.tactic.net\/fr\/wp-json\/wp\/v2\/product\/1370094","targetHints":{"allow":["GET"]}}],"collection":[{"href":"https:\/\/games.tactic.net\/fr\/wp-json\/wp\/v2\/product"}],"about":[{"href":"https:\/\/games.tactic.net\/fr\/wp-json\/wp\/v2\/types\/product"}],"wp:attachment":[{"href":"https:\/\/games.tactic.net\/fr\/wp-json\/wp\/v2\/media?parent=1370094"}],"wp:term":[{"taxonomy":"product_brand","embeddable":true,"href":"https:\/\/games.tactic.net\/fr\/wp-json\/wp\/v2\/product_brand?post=1370094"},{"taxonomy":"product_cat","embeddable":true,"href":"https:\/\/games.tactic.net\/fr\/wp-json\/wp\/v2\/product_cat?post=1370094"},{"taxonomy":"product_tag","embeddable":true,"href":"https:\/\/games.tactic.net\/fr\/wp-json\/wp\/v2\/product_tag?post=1370094"},{"taxonomy":"brand","embeddable":true,"href":"https:\/\/games.tactic.net\/fr\/wp-json\/wp\/v2\/brand?post=1370094"},{"taxonomy":"target-group","embeddable":true,"href":"https:\/\/games.tactic.net\/fr\/wp-json\/wp\/v2\/target-group?post=1370094"},{"taxonomy":"discontinued","embeddable":true,"href":"https:\/\/games.tactic.net\/fr\/wp-json\/wp\/v2\/discontinued?post=1370094"}],"curies":[{"name":"wp","href":"https:\/\/api.w.org\/{rel}","templated":true}]}}