{"id":1370093,"date":"2026-04-09T11:06:29","date_gmt":"2026-04-09T08:06:29","guid":{"rendered":"https:\/\/games.tactic.net\/tuote\/tactic-maxi-yatzy-with-wooden-dice\/"},"modified":"2026-04-09T11:06:29","modified_gmt":"2026-04-09T08:06:29","slug":"tactic-maxi-yatzy-with-wooden-dice","status":"publish","type":"product","link":"https:\/\/games.tactic.net\/fr\/tuote\/tactic-maxi-yatzy-with-wooden-dice\/","title":{"rendered":"Tactic Maxi Yatzy with Wooden Dice"},"content":{"rendered":"<p>Qui sera le ma\u00eetre du Yatzy ? Le c\u00e9l\u00e8bre Yatzy, toujours aussi populaire, divertit les joueurs de tous \u00e2ges, et Maxi Yatzy apporte une touche suppl\u00e9mentaire passionnante. Avec six d\u00e9s, les combinaisons sont encore plus nombreuses et la bataille pour la victoire devient encore plus intense ! Contient 6 d\u00e9s en bois de haute qualit\u00e9. Un classique addictif et divertissant !<\/p>\n","protected":false},"excerpt":{"rendered":"<p>Le c\u00e9l\u00e8bre jeu de d\u00e9s Yatzy, toujours aussi populaire, avec une touche suppl\u00e9mentaire. La bataille pour la victoire sera encore plus intense !<\/p>\n","protected":false},"featured_media":0,"template":"","meta":{"content-type":"","_monsterinsights_skip_tracking":false,"_monsterinsights_sitenote_active":false,"_monsterinsights_sitenote_note":"","_monsterinsights_sitenote_category":0},"product_brand":[],"product_cat":[1888,1908],"product_tag":[],"brand":[],"target-group":[],"discontinued":[],"class_list":{"0":"post-1370093","1":"product","2":"type-product","3":"status-publish","5":"product_cat-jeux-de-cartes-et-de-des-autres-jeux","6":"product_cat-jeux-de-cartes-et-de-des-jeux-famille","8":"first","9":"instock","10":"taxable","11":"shipping-taxable","12":"product-type-simple"},"aioseo_notices":[],"_links":{"self":[{"href":"https:\/\/games.tactic.net\/fr\/wp-json\/wp\/v2\/product\/1370093","targetHints":{"allow":["GET"]}}],"collection":[{"href":"https:\/\/games.tactic.net\/fr\/wp-json\/wp\/v2\/product"}],"about":[{"href":"https:\/\/games.tactic.net\/fr\/wp-json\/wp\/v2\/types\/product"}],"wp:attachment":[{"href":"https:\/\/games.tactic.net\/fr\/wp-json\/wp\/v2\/media?parent=1370093"}],"wp:term":[{"taxonomy":"product_brand","embeddable":true,"href":"https:\/\/games.tactic.net\/fr\/wp-json\/wp\/v2\/product_brand?post=1370093"},{"taxonomy":"product_cat","embeddable":true,"href":"https:\/\/games.tactic.net\/fr\/wp-json\/wp\/v2\/product_cat?post=1370093"},{"taxonomy":"product_tag","embeddable":true,"href":"https:\/\/games.tactic.net\/fr\/wp-json\/wp\/v2\/product_tag?post=1370093"},{"taxonomy":"brand","embeddable":true,"href":"https:\/\/games.tactic.net\/fr\/wp-json\/wp\/v2\/brand?post=1370093"},{"taxonomy":"target-group","embeddable":true,"href":"https:\/\/games.tactic.net\/fr\/wp-json\/wp\/v2\/target-group?post=1370093"},{"taxonomy":"discontinued","embeddable":true,"href":"https:\/\/games.tactic.net\/fr\/wp-json\/wp\/v2\/discontinued?post=1370093"}],"curies":[{"name":"wp","href":"https:\/\/api.w.org\/{rel}","templated":true}]}}