{"id":1370082,"date":"2026-03-30T17:22:02","date_gmt":"2026-03-30T14:22:02","guid":{"rendered":"https:\/\/games.tactic.net\/tuote\/1000-pcs-puzzle-my-herbarium\/"},"modified":"2026-03-30T17:22:02","modified_gmt":"2026-03-30T14:22:02","slug":"1000-pcs-puzzle-my-herbarium","status":"publish","type":"product","link":"https:\/\/games.tactic.net\/fr\/tuote\/1000-pcs-puzzle-my-herbarium\/","title":{"rendered":"1000 pcs puzzle: My Herbarium"},"content":{"rendered":"<p>Prenez un moment pour vous d\u00e9tendre et assembler la beaut\u00e9 de la nature. Ce puzzle de 1000 pi\u00e8ces est un d\u00e9fi calme et satisfaisant pour les amoureux de la nature, les passionn\u00e9s de puzzles et tous ceux qui appr\u00e9cient le design intemporel. Parfait pour des moments de pleine conscience, comme cadeau ou \u00e0 exposer une fois termin\u00e9.<\/p>\n","protected":false},"excerpt":{"rendered":"<p>Prenez un moment pour vous d\u00e9tendre et assembler la beaut\u00e9 de la nature. Ce puzzle de 1000 pi\u00e8ces est un d\u00e9fi calme et satisfaisant pour les amoureux de la nature, les passionn\u00e9s de puzzles et tous ceux qui appr\u00e9cient le design intemporel. Parfait pour des moments de pleine conscience, comme cadeau ou \u00e0 exposer une [&hellip;]<\/p>\n","protected":false},"featured_media":0,"template":"","meta":{"content-type":"","_monsterinsights_skip_tracking":false,"_monsterinsights_sitenote_active":false,"_monsterinsights_sitenote_note":"","_monsterinsights_sitenote_category":0},"product_brand":[],"product_cat":[1516],"product_tag":[],"brand":[],"target-group":[],"discontinued":[],"class_list":{"0":"post-1370082","1":"product","2":"type-product","3":"status-publish","5":"product_cat-1000-pieces-puzzles-2","7":"first","8":"instock","9":"taxable","10":"shipping-taxable","11":"product-type-simple"},"aioseo_notices":[],"_links":{"self":[{"href":"https:\/\/games.tactic.net\/fr\/wp-json\/wp\/v2\/product\/1370082","targetHints":{"allow":["GET"]}}],"collection":[{"href":"https:\/\/games.tactic.net\/fr\/wp-json\/wp\/v2\/product"}],"about":[{"href":"https:\/\/games.tactic.net\/fr\/wp-json\/wp\/v2\/types\/product"}],"wp:attachment":[{"href":"https:\/\/games.tactic.net\/fr\/wp-json\/wp\/v2\/media?parent=1370082"}],"wp:term":[{"taxonomy":"product_brand","embeddable":true,"href":"https:\/\/games.tactic.net\/fr\/wp-json\/wp\/v2\/product_brand?post=1370082"},{"taxonomy":"product_cat","embeddable":true,"href":"https:\/\/games.tactic.net\/fr\/wp-json\/wp\/v2\/product_cat?post=1370082"},{"taxonomy":"product_tag","embeddable":true,"href":"https:\/\/games.tactic.net\/fr\/wp-json\/wp\/v2\/product_tag?post=1370082"},{"taxonomy":"brand","embeddable":true,"href":"https:\/\/games.tactic.net\/fr\/wp-json\/wp\/v2\/brand?post=1370082"},{"taxonomy":"target-group","embeddable":true,"href":"https:\/\/games.tactic.net\/fr\/wp-json\/wp\/v2\/target-group?post=1370082"},{"taxonomy":"discontinued","embeddable":true,"href":"https:\/\/games.tactic.net\/fr\/wp-json\/wp\/v2\/discontinued?post=1370082"}],"curies":[{"name":"wp","href":"https:\/\/api.w.org\/{rel}","templated":true}]}}