{"id":1369809,"date":"2026-03-11T15:12:35","date_gmt":"2026-03-11T13:12:35","guid":{"rendered":"https:\/\/games.tactic.net\/tuote\/bex-kubb-original-red-king\/"},"modified":"2026-03-11T15:12:35","modified_gmt":"2026-03-11T13:12:35","slug":"bex-kubb-original-red-king","status":"publish","type":"product","link":"https:\/\/games.tactic.net\/fr\/tuote\/bex-kubb-original-red-king\/","title":{"rendered":"Bex Kubb Original, Red king"},"content":{"rendered":"<p>Kubb, roi rouge. Le jeu de lancer nordique traditionnel. Qualit\u00e9 : bois d\u2019h\u00e9v\u00e9a. Dimensions : Roi 30 x 7,5 cm, b\u00e2ton de lancer 30 x 4 cm, kubb 15 x 6 cm. Comprend 1 roi, 6 b\u00e2tons de lancer, 10 kubbs, 4 marqueurs de zone, 1 sac non tiss\u00e9 avec poign\u00e9es, livret de r\u00e8gles multilingue avec instructions.<\/p>\n","protected":false},"excerpt":{"rendered":"<p>Kubb, roi rouge. Le jeu de lancer nordique traditionnel. Qualit\u00e9 : bois d\u2019h\u00e9v\u00e9a. Dimensions : Roi 30 x 7,5 cm, b\u00e2ton de lancer 30 x 4 cm, kubb 15 x 6 cm. Comprend 1 roi, 6 b\u00e2tons de lancer, 10 kubbs, 4 marqueurs de zone, 1 sac non tiss\u00e9 avec poign\u00e9es, livret de r\u00e8gles multilingue [&hellip;]<\/p>\n","protected":false},"featured_media":0,"template":"","meta":{"content-type":"","_monsterinsights_skip_tracking":false,"_monsterinsights_sitenote_active":false,"_monsterinsights_sitenote_note":"","_monsterinsights_sitenote_category":0},"product_brand":[],"product_cat":[2364],"product_tag":[],"brand":[],"target-group":[],"discontinued":[],"class_list":{"0":"post-1369809","1":"product","2":"type-product","3":"status-publish","5":"product_cat-bex-sport","7":"first","8":"instock","9":"taxable","10":"shipping-taxable","11":"product-type-simple"},"aioseo_notices":[],"_links":{"self":[{"href":"https:\/\/games.tactic.net\/fr\/wp-json\/wp\/v2\/product\/1369809","targetHints":{"allow":["GET"]}}],"collection":[{"href":"https:\/\/games.tactic.net\/fr\/wp-json\/wp\/v2\/product"}],"about":[{"href":"https:\/\/games.tactic.net\/fr\/wp-json\/wp\/v2\/types\/product"}],"wp:attachment":[{"href":"https:\/\/games.tactic.net\/fr\/wp-json\/wp\/v2\/media?parent=1369809"}],"wp:term":[{"taxonomy":"product_brand","embeddable":true,"href":"https:\/\/games.tactic.net\/fr\/wp-json\/wp\/v2\/product_brand?post=1369809"},{"taxonomy":"product_cat","embeddable":true,"href":"https:\/\/games.tactic.net\/fr\/wp-json\/wp\/v2\/product_cat?post=1369809"},{"taxonomy":"product_tag","embeddable":true,"href":"https:\/\/games.tactic.net\/fr\/wp-json\/wp\/v2\/product_tag?post=1369809"},{"taxonomy":"brand","embeddable":true,"href":"https:\/\/games.tactic.net\/fr\/wp-json\/wp\/v2\/brand?post=1369809"},{"taxonomy":"target-group","embeddable":true,"href":"https:\/\/games.tactic.net\/fr\/wp-json\/wp\/v2\/target-group?post=1369809"},{"taxonomy":"discontinued","embeddable":true,"href":"https:\/\/games.tactic.net\/fr\/wp-json\/wp\/v2\/discontinued?post=1369809"}],"curies":[{"name":"wp","href":"https:\/\/api.w.org\/{rel}","templated":true}]}}