{"id":1369798,"date":"2026-03-11T15:11:31","date_gmt":"2026-03-11T13:11:31","guid":{"rendered":"https:\/\/games.tactic.net\/tuote\/bex-sport-cornhole-original\/"},"modified":"2026-03-11T15:11:31","modified_gmt":"2026-03-11T13:11:31","slug":"bex-sport-cornhole-original","status":"publish","type":"product","link":"https:\/\/games.tactic.net\/fr\/tuote\/bex-sport-cornhole-original\/","title":{"rendered":"Bex Sport Cornhole Original"},"content":{"rendered":"<p>Un jeu d\u2019ext\u00e9rieur amusant de BEX. Il s\u2019agit d\u2019un jeu de lancer o\u00f9 le but est de lancer les sacs \u00e0 travers le trou pour marquer des points. Une excellente activit\u00e9 estivale pour toute la famille !<\/p>\n","protected":false},"excerpt":{"rendered":"<p>Cornhole \/ Beanbag Original<\/p>\n","protected":false},"featured_media":0,"template":"","meta":{"content-type":"","_monsterinsights_skip_tracking":false,"_monsterinsights_sitenote_active":false,"_monsterinsights_sitenote_note":"","_monsterinsights_sitenote_category":0},"product_brand":[],"product_cat":[2364],"product_tag":[],"brand":[{"id":2365,"name":"BEX Sport","slug":"bex-sport"}],"target-group":[],"discontinued":[],"class_list":{"0":"post-1369798","1":"product","2":"type-product","3":"status-publish","5":"product_cat-bex-sport","6":"brand-bex-sport","8":"first","9":"outofstock","10":"taxable","11":"shipping-taxable","12":"product-type-simple"},"aioseo_notices":[],"_links":{"self":[{"href":"https:\/\/games.tactic.net\/fr\/wp-json\/wp\/v2\/product\/1369798","targetHints":{"allow":["GET"]}}],"collection":[{"href":"https:\/\/games.tactic.net\/fr\/wp-json\/wp\/v2\/product"}],"about":[{"href":"https:\/\/games.tactic.net\/fr\/wp-json\/wp\/v2\/types\/product"}],"wp:attachment":[{"href":"https:\/\/games.tactic.net\/fr\/wp-json\/wp\/v2\/media?parent=1369798"}],"wp:term":[{"taxonomy":"product_brand","embeddable":true,"href":"https:\/\/games.tactic.net\/fr\/wp-json\/wp\/v2\/product_brand?post=1369798"},{"taxonomy":"product_cat","embeddable":true,"href":"https:\/\/games.tactic.net\/fr\/wp-json\/wp\/v2\/product_cat?post=1369798"},{"taxonomy":"product_tag","embeddable":true,"href":"https:\/\/games.tactic.net\/fr\/wp-json\/wp\/v2\/product_tag?post=1369798"},{"taxonomy":"brand","embeddable":true,"href":"https:\/\/games.tactic.net\/fr\/wp-json\/wp\/v2\/brand?post=1369798"},{"taxonomy":"target-group","embeddable":true,"href":"https:\/\/games.tactic.net\/fr\/wp-json\/wp\/v2\/target-group?post=1369798"},{"taxonomy":"discontinued","embeddable":true,"href":"https:\/\/games.tactic.net\/fr\/wp-json\/wp\/v2\/discontinued?post=1369798"}],"curies":[{"name":"wp","href":"https:\/\/api.w.org\/{rel}","templated":true}]}}