{"id":1369792,"date":"2026-03-11T15:10:55","date_gmt":"2026-03-11T13:10:55","guid":{"rendered":"https:\/\/games.tactic.net\/tuote\/bex-sport-spin-ladder-original\/"},"modified":"2026-03-11T15:10:55","modified_gmt":"2026-03-11T13:10:55","slug":"bex-sport-spin-ladder-original","status":"publish","type":"product","link":"https:\/\/games.tactic.net\/fr\/tuote\/bex-sport-spin-ladder-original\/","title":{"rendered":"Bex Sport Spin Ladder Original"},"content":{"rendered":"<p>Vous marquez des points selon le niveau de l\u2019\u00e9chelle que vous touchez ! Dimensions : 88,5 x 60 x 57 cm.<br \/>\nComprend : 3 paires de balles rouges \u2013 3 paires de balles bleues \u2013 1 sac (pour les balles) \u2013 Support en bois \u2013 R\u00e8gles et instructions.<br \/>\nLe support est en bois de pin et les balles sont en bois d\u2019h\u00e9v\u00e9a laqu\u00e9. Poids : 2 kg.<\/p>\n","protected":false},"excerpt":{"rendered":"<p>Spin Ladder Original<\/p>\n","protected":false},"featured_media":0,"template":"","meta":{"content-type":"","_monsterinsights_skip_tracking":false,"_monsterinsights_sitenote_active":false,"_monsterinsights_sitenote_note":"","_monsterinsights_sitenote_category":0},"product_brand":[],"product_cat":[2364],"product_tag":[],"brand":[],"target-group":[],"discontinued":[],"class_list":{"0":"post-1369792","1":"product","2":"type-product","3":"status-publish","5":"product_cat-bex-sport","7":"first","8":"outofstock","9":"taxable","10":"shipping-taxable","11":"product-type-simple"},"aioseo_notices":[],"_links":{"self":[{"href":"https:\/\/games.tactic.net\/fr\/wp-json\/wp\/v2\/product\/1369792","targetHints":{"allow":["GET"]}}],"collection":[{"href":"https:\/\/games.tactic.net\/fr\/wp-json\/wp\/v2\/product"}],"about":[{"href":"https:\/\/games.tactic.net\/fr\/wp-json\/wp\/v2\/types\/product"}],"wp:attachment":[{"href":"https:\/\/games.tactic.net\/fr\/wp-json\/wp\/v2\/media?parent=1369792"}],"wp:term":[{"taxonomy":"product_brand","embeddable":true,"href":"https:\/\/games.tactic.net\/fr\/wp-json\/wp\/v2\/product_brand?post=1369792"},{"taxonomy":"product_cat","embeddable":true,"href":"https:\/\/games.tactic.net\/fr\/wp-json\/wp\/v2\/product_cat?post=1369792"},{"taxonomy":"product_tag","embeddable":true,"href":"https:\/\/games.tactic.net\/fr\/wp-json\/wp\/v2\/product_tag?post=1369792"},{"taxonomy":"brand","embeddable":true,"href":"https:\/\/games.tactic.net\/fr\/wp-json\/wp\/v2\/brand?post=1369792"},{"taxonomy":"target-group","embeddable":true,"href":"https:\/\/games.tactic.net\/fr\/wp-json\/wp\/v2\/target-group?post=1369792"},{"taxonomy":"discontinued","embeddable":true,"href":"https:\/\/games.tactic.net\/fr\/wp-json\/wp\/v2\/discontinued?post=1369792"}],"curies":[{"name":"wp","href":"https:\/\/api.w.org\/{rel}","templated":true}]}}