{"id":1369785,"date":"2026-03-11T15:10:12","date_gmt":"2026-03-11T13:10:12","guid":{"rendered":"https:\/\/games.tactic.net\/tuote\/bex-sport-sunsport-badminton-2-rackets-and-balls\/"},"modified":"2026-03-11T15:10:12","modified_gmt":"2026-03-11T13:10:12","slug":"bex-sport-sunsport-badminton-2-rackets-and-balls","status":"publish","type":"product","link":"https:\/\/games.tactic.net\/fr\/tuote\/bex-sport-sunsport-badminton-2-rackets-and-balls\/","title":{"rendered":"Bex Sport Sunsport Badminton 2 rackets and balls"},"content":{"rendered":"<p>Le badminton est un sport de raquette qui se joue \u00e0 deux ou \u00e0 quatre joueurs. Dans toute sa simplicit\u00e9, le but est de frapper le volant avec la raquette pour qu\u2019il passe au-dessus du filet vers l\u2019autre moiti\u00e9 du terrain, de pr\u00e9f\u00e9rence de fa\u00e7on \u00e0 ce que l\u2019adversaire ne puisse pas l\u2019atteindre avant qu\u2019il ne touche le sol \u00e0 l\u2019int\u00e9rieur des limites du terrain.<\/p>\n","protected":false},"excerpt":{"rendered":"<p>Sunsport badminton 2 raquettes et volants<\/p>\n","protected":false},"featured_media":0,"template":"","meta":{"content-type":"","_monsterinsights_skip_tracking":false,"_monsterinsights_sitenote_active":false,"_monsterinsights_sitenote_note":"","_monsterinsights_sitenote_category":0},"product_brand":[],"product_cat":[2364],"product_tag":[],"brand":[{"id":2365,"name":"BEX Sport","slug":"bex-sport"}],"target-group":[],"discontinued":[],"class_list":{"0":"post-1369785","1":"product","2":"type-product","3":"status-publish","5":"product_cat-bex-sport","6":"brand-bex-sport","8":"first","9":"instock","10":"taxable","11":"shipping-taxable","12":"product-type-simple"},"aioseo_notices":[],"_links":{"self":[{"href":"https:\/\/games.tactic.net\/fr\/wp-json\/wp\/v2\/product\/1369785","targetHints":{"allow":["GET"]}}],"collection":[{"href":"https:\/\/games.tactic.net\/fr\/wp-json\/wp\/v2\/product"}],"about":[{"href":"https:\/\/games.tactic.net\/fr\/wp-json\/wp\/v2\/types\/product"}],"wp:attachment":[{"href":"https:\/\/games.tactic.net\/fr\/wp-json\/wp\/v2\/media?parent=1369785"}],"wp:term":[{"taxonomy":"product_brand","embeddable":true,"href":"https:\/\/games.tactic.net\/fr\/wp-json\/wp\/v2\/product_brand?post=1369785"},{"taxonomy":"product_cat","embeddable":true,"href":"https:\/\/games.tactic.net\/fr\/wp-json\/wp\/v2\/product_cat?post=1369785"},{"taxonomy":"product_tag","embeddable":true,"href":"https:\/\/games.tactic.net\/fr\/wp-json\/wp\/v2\/product_tag?post=1369785"},{"taxonomy":"brand","embeddable":true,"href":"https:\/\/games.tactic.net\/fr\/wp-json\/wp\/v2\/brand?post=1369785"},{"taxonomy":"target-group","embeddable":true,"href":"https:\/\/games.tactic.net\/fr\/wp-json\/wp\/v2\/target-group?post=1369785"},{"taxonomy":"discontinued","embeddable":true,"href":"https:\/\/games.tactic.net\/fr\/wp-json\/wp\/v2\/discontinued?post=1369785"}],"curies":[{"name":"wp","href":"https:\/\/api.w.org\/{rel}","templated":true}]}}