{"id":1369779,"date":"2026-03-11T15:09:31","date_gmt":"2026-03-11T13:09:31","guid":{"rendered":"https:\/\/games.tactic.net\/tuote\/bex-sport-cornhole-pro-1pcs-with-carry-storage-bag\/"},"modified":"2026-03-11T15:09:31","modified_gmt":"2026-03-11T13:09:31","slug":"bex-sport-cornhole-pro-1pcs-with-carry-storage-bag","status":"publish","type":"product","link":"https:\/\/games.tactic.net\/fr\/tuote\/bex-sport-cornhole-pro-1pcs-with-carry-storage-bag\/","title":{"rendered":"Bex Sport Cornhole PRO 1pcs with carry\/storage bag"},"content":{"rendered":"<p>Cornhole PRO. Il s\u2019agit de la taille officielle de tournoi du Cornhole avec une surface de jeu de 120 x 60 cm. Un jeu tr\u00e8s tendance pr\u00e9sent dans les tournois officiels. Livr\u00e9 avec 2 jeux de sacs, \u00e9galement de qualit\u00e9 et de poids officiels de tournoi, 450 g. Fourni avec un sac de rangement.<\/p>\n","protected":false},"excerpt":{"rendered":"<p>Cornhole PRO. Il s\u2019agit de la taille officielle de tournoi du Cornhole avec une surface de jeu de 120 x 60 cm. Un jeu tr\u00e8s tendance pr\u00e9sent dans les tournois officiels. Livr\u00e9 avec 2 jeux de sacs, \u00e9galement de qualit\u00e9 et de poids officiels de tournoi, 450 g. Fourni avec un sac de rangement.<\/p>\n","protected":false},"featured_media":0,"template":"","meta":{"content-type":"","_monsterinsights_skip_tracking":false,"_monsterinsights_sitenote_active":false,"_monsterinsights_sitenote_note":"","_monsterinsights_sitenote_category":0},"product_brand":[],"product_cat":[2364],"product_tag":[],"brand":[],"target-group":[],"discontinued":[],"class_list":{"0":"post-1369779","1":"product","2":"type-product","3":"status-publish","5":"product_cat-bex-sport","7":"first","8":"outofstock","9":"taxable","10":"shipping-taxable","11":"product-type-simple"},"aioseo_notices":[],"_links":{"self":[{"href":"https:\/\/games.tactic.net\/fr\/wp-json\/wp\/v2\/product\/1369779","targetHints":{"allow":["GET"]}}],"collection":[{"href":"https:\/\/games.tactic.net\/fr\/wp-json\/wp\/v2\/product"}],"about":[{"href":"https:\/\/games.tactic.net\/fr\/wp-json\/wp\/v2\/types\/product"}],"wp:attachment":[{"href":"https:\/\/games.tactic.net\/fr\/wp-json\/wp\/v2\/media?parent=1369779"}],"wp:term":[{"taxonomy":"product_brand","embeddable":true,"href":"https:\/\/games.tactic.net\/fr\/wp-json\/wp\/v2\/product_brand?post=1369779"},{"taxonomy":"product_cat","embeddable":true,"href":"https:\/\/games.tactic.net\/fr\/wp-json\/wp\/v2\/product_cat?post=1369779"},{"taxonomy":"product_tag","embeddable":true,"href":"https:\/\/games.tactic.net\/fr\/wp-json\/wp\/v2\/product_tag?post=1369779"},{"taxonomy":"brand","embeddable":true,"href":"https:\/\/games.tactic.net\/fr\/wp-json\/wp\/v2\/brand?post=1369779"},{"taxonomy":"target-group","embeddable":true,"href":"https:\/\/games.tactic.net\/fr\/wp-json\/wp\/v2\/target-group?post=1369779"},{"taxonomy":"discontinued","embeddable":true,"href":"https:\/\/games.tactic.net\/fr\/wp-json\/wp\/v2\/discontinued?post=1369779"}],"curies":[{"name":"wp","href":"https:\/\/api.w.org\/{rel}","templated":true}]}}