{"id":1369764,"date":"2026-03-11T15:07:48","date_gmt":"2026-03-11T13:07:48","guid":{"rendered":"https:\/\/games.tactic.net\/tuote\/gamesson-tournament-edition-dartboard\/"},"modified":"2026-03-11T15:07:48","modified_gmt":"2026-03-11T13:07:48","slug":"gamesson-tournament-edition-dartboard","status":"publish","type":"product","link":"https:\/\/games.tactic.net\/fr\/tuote\/gamesson-tournament-edition-dartboard\/","title":{"rendered":"Gamesson Tournament Edition Dartboard"},"content":{"rendered":"<p>Jouez comme un champion avec cette cible de fl\u00e9chettes. Le plateau en sisal est fabriqu\u00e9 dans un mat\u00e9riau \u00ab auto-r\u00e9parant \u00bb qui se referme avec le temps apr\u00e8s les impacts des fl\u00e9chettes. Cela le rend durable et id\u00e9al pour de nombreuses parties. Comprend une cible en sisal auto-r\u00e9parante, un anneau de num\u00e9rotation amovible et un centre sans agrafes.<\/p>\n","protected":false},"excerpt":{"rendered":"<p>Jouez comme un champion avec cette cible de fl\u00e9chettes. Durable et parfaite pour des heures de divertissement sans fin.<\/p>\n","protected":false},"featured_media":0,"template":"","meta":{"content-type":"","_monsterinsights_skip_tracking":false,"_monsterinsights_sitenote_active":false,"_monsterinsights_sitenote_note":"","_monsterinsights_sitenote_category":0},"product_brand":[],"product_cat":[2364],"product_tag":[],"brand":[],"target-group":[],"discontinued":[],"class_list":{"0":"post-1369764","1":"product","2":"type-product","3":"status-publish","5":"product_cat-bex-sport","7":"first","8":"outofstock","9":"taxable","10":"shipping-taxable","11":"product-type-simple"},"aioseo_notices":[],"_links":{"self":[{"href":"https:\/\/games.tactic.net\/fr\/wp-json\/wp\/v2\/product\/1369764","targetHints":{"allow":["GET"]}}],"collection":[{"href":"https:\/\/games.tactic.net\/fr\/wp-json\/wp\/v2\/product"}],"about":[{"href":"https:\/\/games.tactic.net\/fr\/wp-json\/wp\/v2\/types\/product"}],"wp:attachment":[{"href":"https:\/\/games.tactic.net\/fr\/wp-json\/wp\/v2\/media?parent=1369764"}],"wp:term":[{"taxonomy":"product_brand","embeddable":true,"href":"https:\/\/games.tactic.net\/fr\/wp-json\/wp\/v2\/product_brand?post=1369764"},{"taxonomy":"product_cat","embeddable":true,"href":"https:\/\/games.tactic.net\/fr\/wp-json\/wp\/v2\/product_cat?post=1369764"},{"taxonomy":"product_tag","embeddable":true,"href":"https:\/\/games.tactic.net\/fr\/wp-json\/wp\/v2\/product_tag?post=1369764"},{"taxonomy":"brand","embeddable":true,"href":"https:\/\/games.tactic.net\/fr\/wp-json\/wp\/v2\/brand?post=1369764"},{"taxonomy":"target-group","embeddable":true,"href":"https:\/\/games.tactic.net\/fr\/wp-json\/wp\/v2\/target-group?post=1369764"},{"taxonomy":"discontinued","embeddable":true,"href":"https:\/\/games.tactic.net\/fr\/wp-json\/wp\/v2\/discontinued?post=1369764"}],"curies":[{"name":"wp","href":"https:\/\/api.w.org\/{rel}","templated":true}]}}