{"id":1369761,"date":"2026-03-11T15:07:24","date_gmt":"2026-03-11T13:07:24","guid":{"rendered":"https:\/\/games.tactic.net\/tuote\/gamesson-electronic-dartboard-devil\/"},"modified":"2026-03-11T15:07:24","modified_gmt":"2026-03-11T13:07:24","slug":"gamesson-electronic-dartboard-devil","status":"publish","type":"product","link":"https:\/\/games.tactic.net\/fr\/tuote\/gamesson-electronic-dartboard-devil\/","title":{"rendered":"Gamesson electronic dartboard Devil"},"content":{"rendered":"<p>Devil II est une cible \u00e9lectronique avec de nombreux jeux int\u00e9gr\u00e9s et encore plus de variantes. Jouez seul ou jusqu\u2019\u00e0 8 joueurs et lancez les fl\u00e9chettes incluses sur la cible. Les fl\u00e9chettes fournies sont \u00e0 pointe souple. Les jeux sont faciles \u00e0 configurer gr\u00e2ce aux boutons de la cible. R\u00e9glez le nombre de joueurs, choisissez le jeu et amusez-vous ! La cible fonctionne avec des piles non incluses. Caract\u00e9ristiques : 18 jeux avec 159 variantes, 1 \u00e0 8 joueurs, effets sonores, \u00e9cran LCD.<\/p>\n","protected":false},"excerpt":{"rendered":"<p>Cible \u00e9lectronique Catdart Devil II<\/p>\n","protected":false},"featured_media":0,"template":"","meta":{"content-type":"","_monsterinsights_skip_tracking":false,"_monsterinsights_sitenote_active":false,"_monsterinsights_sitenote_note":"","_monsterinsights_sitenote_category":0},"product_brand":[],"product_cat":[2364],"product_tag":[],"brand":[],"target-group":[],"discontinued":[],"class_list":{"0":"post-1369761","1":"product","2":"type-product","3":"status-publish","5":"product_cat-bex-sport","7":"first","8":"outofstock","9":"taxable","10":"shipping-taxable","11":"product-type-simple"},"aioseo_notices":[],"_links":{"self":[{"href":"https:\/\/games.tactic.net\/fr\/wp-json\/wp\/v2\/product\/1369761","targetHints":{"allow":["GET"]}}],"collection":[{"href":"https:\/\/games.tactic.net\/fr\/wp-json\/wp\/v2\/product"}],"about":[{"href":"https:\/\/games.tactic.net\/fr\/wp-json\/wp\/v2\/types\/product"}],"wp:attachment":[{"href":"https:\/\/games.tactic.net\/fr\/wp-json\/wp\/v2\/media?parent=1369761"}],"wp:term":[{"taxonomy":"product_brand","embeddable":true,"href":"https:\/\/games.tactic.net\/fr\/wp-json\/wp\/v2\/product_brand?post=1369761"},{"taxonomy":"product_cat","embeddable":true,"href":"https:\/\/games.tactic.net\/fr\/wp-json\/wp\/v2\/product_cat?post=1369761"},{"taxonomy":"product_tag","embeddable":true,"href":"https:\/\/games.tactic.net\/fr\/wp-json\/wp\/v2\/product_tag?post=1369761"},{"taxonomy":"brand","embeddable":true,"href":"https:\/\/games.tactic.net\/fr\/wp-json\/wp\/v2\/brand?post=1369761"},{"taxonomy":"target-group","embeddable":true,"href":"https:\/\/games.tactic.net\/fr\/wp-json\/wp\/v2\/target-group?post=1369761"},{"taxonomy":"discontinued","embeddable":true,"href":"https:\/\/games.tactic.net\/fr\/wp-json\/wp\/v2\/discontinued?post=1369761"}],"curies":[{"name":"wp","href":"https:\/\/api.w.org\/{rel}","templated":true}]}}