{"id":1369760,"date":"2026-03-11T15:07:09","date_gmt":"2026-03-11T13:07:09","guid":{"rendered":"https:\/\/games.tactic.net\/tuote\/gamesson-friendly-dart-game\/"},"modified":"2026-03-11T15:07:09","modified_gmt":"2026-03-11T13:07:09","slug":"gamesson-friendly-dart-game","status":"publish","type":"product","link":"https:\/\/games.tactic.net\/fr\/tuote\/gamesson-friendly-dart-game\/","title":{"rendered":"Gamesson Friendly Dart Game"},"content":{"rendered":"<p>Jouez \u00e0 une partie de fl\u00e9chettes conviviale avec ce set de fl\u00e9chettes. Pour varier, vous pouvez le retourner et l\u2019utiliser comme jeu de cible. Comprend 1 cible en papier enroul\u00e9 avec jeu de cible au verso, 2 jeux de fl\u00e9chettes en laiton, ainsi que des tiges et ailettes amovibles. Dimensions de la cible : \u00d8 45,7 cm x 2,5 cm.<\/p>\n","protected":false},"excerpt":{"rendered":"<p>Jeu de fl\u00e9chettes Catdart Friendly<\/p>\n","protected":false},"featured_media":0,"template":"","meta":{"content-type":"","_monsterinsights_skip_tracking":false,"_monsterinsights_sitenote_active":false,"_monsterinsights_sitenote_note":"","_monsterinsights_sitenote_category":0},"product_brand":[],"product_cat":[2364],"product_tag":[578],"brand":[{"id":2365,"name":"BEX Sport","slug":"bex-sport"}],"target-group":[],"discontinued":[],"class_list":{"0":"post-1369760","1":"product","2":"type-product","3":"status-publish","5":"product_cat-bex-sport","6":"product_tag-habilete","7":"brand-bex-sport","9":"first","10":"outofstock","11":"taxable","12":"shipping-taxable","13":"product-type-simple"},"aioseo_notices":[],"_links":{"self":[{"href":"https:\/\/games.tactic.net\/fr\/wp-json\/wp\/v2\/product\/1369760","targetHints":{"allow":["GET"]}}],"collection":[{"href":"https:\/\/games.tactic.net\/fr\/wp-json\/wp\/v2\/product"}],"about":[{"href":"https:\/\/games.tactic.net\/fr\/wp-json\/wp\/v2\/types\/product"}],"wp:attachment":[{"href":"https:\/\/games.tactic.net\/fr\/wp-json\/wp\/v2\/media?parent=1369760"}],"wp:term":[{"taxonomy":"product_brand","embeddable":true,"href":"https:\/\/games.tactic.net\/fr\/wp-json\/wp\/v2\/product_brand?post=1369760"},{"taxonomy":"product_cat","embeddable":true,"href":"https:\/\/games.tactic.net\/fr\/wp-json\/wp\/v2\/product_cat?post=1369760"},{"taxonomy":"product_tag","embeddable":true,"href":"https:\/\/games.tactic.net\/fr\/wp-json\/wp\/v2\/product_tag?post=1369760"},{"taxonomy":"brand","embeddable":true,"href":"https:\/\/games.tactic.net\/fr\/wp-json\/wp\/v2\/brand?post=1369760"},{"taxonomy":"target-group","embeddable":true,"href":"https:\/\/games.tactic.net\/fr\/wp-json\/wp\/v2\/target-group?post=1369760"},{"taxonomy":"discontinued","embeddable":true,"href":"https:\/\/games.tactic.net\/fr\/wp-json\/wp\/v2\/discontinued?post=1369760"}],"curies":[{"name":"wp","href":"https:\/\/api.w.org\/{rel}","templated":true}]}}