{"id":1369473,"date":"2026-01-29T16:17:12","date_gmt":"2026-01-29T14:17:12","guid":{"rendered":"https:\/\/games.tactic.net\/tuote\/lets-learn-top-to-bottom-iq-bingo\/"},"modified":"2026-01-29T16:17:12","modified_gmt":"2026-01-29T14:17:12","slug":"lets-learn-top-to-bottom-iq-bingo","status":"publish","type":"product","link":"https:\/\/games.tactic.net\/fr\/tuote\/lets-learn-top-to-bottom-iq-bingo\/","title":{"rendered":"Let\u00b4s learn Top to Bottom &#8211; IQ Bingo"},"content":{"rendered":"<p>Pouvez-vous trouver le bon ordre ? R\u00e9solvez des d\u00e9fis amusants, r\u00e9v\u00e9lez votre r\u00e9ponse avec un geste \u00ab pierre\u2013feuille\u2013ciseaux \u00bb, et marquez vos points sur le plateau de bingo ! Amusez-vous en apprenant facilement ! Comprend 100 d\u00e9fis uniques pour tester votre cerveau ! Combinez deux jeux IQ Bingo pour cr\u00e9er une super version \u00e0 4 joueurs !<\/p>\n","protected":false},"excerpt":{"rendered":"<p>Pouvez-vous trouver le bon ordre ? R\u00e9solvez des d\u00e9fis amusants, r\u00e9v\u00e9lez votre r\u00e9ponse avec un geste \u00ab pierre\u2013feuille\u2013ciseaux \u00bb, et marquez vos points sur le plateau de bingo ! Amusez-vous en apprenant facilement ! Comprend 100 d\u00e9fis uniques pour tester votre cerveau ! Combinez deux jeux IQ Bingo pour cr\u00e9er une super version \u00e0 4 [&hellip;]<\/p>\n","protected":false},"featured_media":0,"template":"","meta":{"content-type":"","_monsterinsights_skip_tracking":false,"_monsterinsights_sitenote_active":false,"_monsterinsights_sitenote_note":"","_monsterinsights_sitenote_category":0},"product_brand":[],"product_cat":[1863,1858],"product_tag":[],"brand":[],"target-group":[],"discontinued":[],"class_list":{"0":"post-1369473","1":"product","2":"type-product","3":"status-publish","5":"product_cat-jeux-dapprentissage","6":"product_cat-jeux-de-societe-enfants","8":"first","9":"instock","10":"taxable","11":"shipping-taxable","12":"product-type-simple"},"aioseo_notices":[],"_links":{"self":[{"href":"https:\/\/games.tactic.net\/fr\/wp-json\/wp\/v2\/product\/1369473","targetHints":{"allow":["GET"]}}],"collection":[{"href":"https:\/\/games.tactic.net\/fr\/wp-json\/wp\/v2\/product"}],"about":[{"href":"https:\/\/games.tactic.net\/fr\/wp-json\/wp\/v2\/types\/product"}],"wp:attachment":[{"href":"https:\/\/games.tactic.net\/fr\/wp-json\/wp\/v2\/media?parent=1369473"}],"wp:term":[{"taxonomy":"product_brand","embeddable":true,"href":"https:\/\/games.tactic.net\/fr\/wp-json\/wp\/v2\/product_brand?post=1369473"},{"taxonomy":"product_cat","embeddable":true,"href":"https:\/\/games.tactic.net\/fr\/wp-json\/wp\/v2\/product_cat?post=1369473"},{"taxonomy":"product_tag","embeddable":true,"href":"https:\/\/games.tactic.net\/fr\/wp-json\/wp\/v2\/product_tag?post=1369473"},{"taxonomy":"brand","embeddable":true,"href":"https:\/\/games.tactic.net\/fr\/wp-json\/wp\/v2\/brand?post=1369473"},{"taxonomy":"target-group","embeddable":true,"href":"https:\/\/games.tactic.net\/fr\/wp-json\/wp\/v2\/target-group?post=1369473"},{"taxonomy":"discontinued","embeddable":true,"href":"https:\/\/games.tactic.net\/fr\/wp-json\/wp\/v2\/discontinued?post=1369473"}],"curies":[{"name":"wp","href":"https:\/\/api.w.org\/{rel}","templated":true}]}}