{"id":1368937,"date":"2026-01-13T16:19:40","date_gmt":"2026-01-13T14:19:40","guid":{"rendered":"https:\/\/games.tactic.net\/tuote\/flags-around-the-world\/"},"modified":"2026-01-13T16:19:40","modified_gmt":"2026-01-13T14:19:40","slug":"flags-around-the-world","status":"publish","type":"product","link":"https:\/\/games.tactic.net\/fr\/tuote\/flags-around-the-world\/","title":{"rendered":"Flags around the World"},"content":{"rendered":"<p>Testez vos connaissances en g\u00e9ographie et sur les drapeaux gr\u00e2ce \u00e0 ce jeu Drapeaux du Monde ! Reconnaissez les drapeaux, r\u00e9pondez au questions sur diff\u00e9rents pays et augmentez vos connaissances de mani\u00e8re amusante. Si vous voulez jouer avec toute la famille, vous pouvez utiliser les questions \u00e0 choix multiples pour rendre le jeu un peu plus facile ! Pour vous d\u00e9placer plus rapidement le long de la route du jeu, vous pouvez r\u00e9pondre \u00e0 des questions suppl\u00e9mentaires pour gagner des points suppl\u00e9mentaires et vous pouvez m\u00eame faire \u00e9quipe avec les autres joueurs. Commencez \u00e0 jouer pour en apprendre plus sur notre monde.<\/p>\n","protected":false},"excerpt":{"rendered":"<p>Testez vos connaissances en g\u00e9ographie et sur les drapeaux gr\u00e2ce \u00e0 ce jeu Drapeaux du Monde ! Reconnaissez les drapeaux, r\u00e9pondez au questions sur diff\u00e9rents pays et augmentez vos connaissances de mani\u00e8re amusante. Si vous voulez jouer avec toute la famille, vous pouvez utiliser les questions \u00e0 choix multiples pour rendre le jeu un peu [&hellip;]<\/p>\n","protected":false},"featured_media":0,"template":"","meta":{"content-type":"","_monsterinsights_skip_tracking":false,"_monsterinsights_sitenote_active":false,"_monsterinsights_sitenote_note":"","_monsterinsights_sitenote_category":0},"product_brand":[],"product_cat":[1862,1906],"product_tag":[1327,410],"brand":[],"target-group":[],"discontinued":[],"class_list":{"0":"post-1368937","1":"product","2":"type-product","3":"status-publish","5":"product_cat-jeux-de-quiz-jeux-adultes","6":"product_cat-jeux-de-quiz-jeux-famille-2","7":"product_tag-connaissance","8":"product_tag-educatif","10":"first","11":"instock","12":"taxable","13":"shipping-taxable","14":"product-type-simple"},"aioseo_notices":[],"_links":{"self":[{"href":"https:\/\/games.tactic.net\/fr\/wp-json\/wp\/v2\/product\/1368937","targetHints":{"allow":["GET"]}}],"collection":[{"href":"https:\/\/games.tactic.net\/fr\/wp-json\/wp\/v2\/product"}],"about":[{"href":"https:\/\/games.tactic.net\/fr\/wp-json\/wp\/v2\/types\/product"}],"wp:attachment":[{"href":"https:\/\/games.tactic.net\/fr\/wp-json\/wp\/v2\/media?parent=1368937"}],"wp:term":[{"taxonomy":"product_brand","embeddable":true,"href":"https:\/\/games.tactic.net\/fr\/wp-json\/wp\/v2\/product_brand?post=1368937"},{"taxonomy":"product_cat","embeddable":true,"href":"https:\/\/games.tactic.net\/fr\/wp-json\/wp\/v2\/product_cat?post=1368937"},{"taxonomy":"product_tag","embeddable":true,"href":"https:\/\/games.tactic.net\/fr\/wp-json\/wp\/v2\/product_tag?post=1368937"},{"taxonomy":"brand","embeddable":true,"href":"https:\/\/games.tactic.net\/fr\/wp-json\/wp\/v2\/brand?post=1368937"},{"taxonomy":"target-group","embeddable":true,"href":"https:\/\/games.tactic.net\/fr\/wp-json\/wp\/v2\/target-group?post=1368937"},{"taxonomy":"discontinued","embeddable":true,"href":"https:\/\/games.tactic.net\/fr\/wp-json\/wp\/v2\/discontinued?post=1368937"}],"curies":[{"name":"wp","href":"https:\/\/api.w.org\/{rel}","templated":true}]}}