{"id":1368603,"date":"2025-11-12T10:08:47","date_gmt":"2025-11-12T08:08:47","guid":{"rendered":"https:\/\/games.tactic.net\/tuote\/heros-constructor-firebrigade-155-pcs\/"},"modified":"2025-11-12T10:08:47","modified_gmt":"2025-11-12T08:08:47","slug":"heros-constructor-firebrigade-155-pcs","status":"publish","type":"product","link":"https:\/\/games.tactic.net\/fr\/tuote\/heros-constructor-firebrigade-155-pcs\/","title":{"rendered":"Heros Constructor Camion de pompiers 155 pcs"},"content":{"rendered":"<p>Construis 3 mod\u00e8les diff\u00e9rents \u00e0 l\u2019aide des guides \u2013 ou cr\u00e9e tes propres constructions ! Haute qualit\u00e9 et s\u00e9curit\u00e9 : bords arrondis, mat\u00e9riaux non toxiques, fabrication allemande. Bois de h\u00eatre 100 % certifi\u00e9 FSC\u00ae.<\/p>\n","protected":false},"excerpt":{"rendered":"<p>Construis 3 mod\u00e8les diff\u00e9rents en suivant les guides \u2013 ou laisse libre cours \u00e0 ton imagination !<\/p>\n","protected":false},"featured_media":0,"template":"","meta":{"content-type":"","_monsterinsights_skip_tracking":false,"_monsterinsights_sitenote_active":false,"_monsterinsights_sitenote_note":"","_monsterinsights_sitenote_category":0},"product_brand":[],"product_cat":[2347],"product_tag":[],"brand":[],"target-group":[],"discontinued":[],"class_list":{"0":"post-1368603","1":"product","2":"type-product","3":"status-publish","5":"product_cat-heros-wooden-toys","7":"first","8":"instock","9":"taxable","10":"shipping-taxable","11":"product-type-simple"},"aioseo_notices":[],"_links":{"self":[{"href":"https:\/\/games.tactic.net\/fr\/wp-json\/wp\/v2\/product\/1368603","targetHints":{"allow":["GET"]}}],"collection":[{"href":"https:\/\/games.tactic.net\/fr\/wp-json\/wp\/v2\/product"}],"about":[{"href":"https:\/\/games.tactic.net\/fr\/wp-json\/wp\/v2\/types\/product"}],"wp:attachment":[{"href":"https:\/\/games.tactic.net\/fr\/wp-json\/wp\/v2\/media?parent=1368603"}],"wp:term":[{"taxonomy":"product_brand","embeddable":true,"href":"https:\/\/games.tactic.net\/fr\/wp-json\/wp\/v2\/product_brand?post=1368603"},{"taxonomy":"product_cat","embeddable":true,"href":"https:\/\/games.tactic.net\/fr\/wp-json\/wp\/v2\/product_cat?post=1368603"},{"taxonomy":"product_tag","embeddable":true,"href":"https:\/\/games.tactic.net\/fr\/wp-json\/wp\/v2\/product_tag?post=1368603"},{"taxonomy":"brand","embeddable":true,"href":"https:\/\/games.tactic.net\/fr\/wp-json\/wp\/v2\/brand?post=1368603"},{"taxonomy":"target-group","embeddable":true,"href":"https:\/\/games.tactic.net\/fr\/wp-json\/wp\/v2\/target-group?post=1368603"},{"taxonomy":"discontinued","embeddable":true,"href":"https:\/\/games.tactic.net\/fr\/wp-json\/wp\/v2\/discontinued?post=1368603"}],"curies":[{"name":"wp","href":"https:\/\/api.w.org\/{rel}","templated":true}]}}