{"id":1368593,"date":"2025-11-11T16:28:15","date_gmt":"2025-11-11T14:28:15","guid":{"rendered":"https:\/\/games.tactic.net\/tuote\/heros-blocks-coloured-wooden-blocks-50pcs\/"},"modified":"2026-02-27T13:11:14","modified_gmt":"2026-02-27T11:11:14","slug":"heros-blocks-coloured-wooden-blocks-50pcs","status":"publish","type":"product","link":"https:\/\/games.tactic.net\/fr\/tuote\/heros-blocks-coloured-wooden-blocks-50pcs\/","title":{"rendered":"Heros Blocs de construction en bois color\u00e9s 50 pcs compact"},"content":{"rendered":"<p>Des blocs en bois color\u00e9s qui offrent un plaisir de jeu sans fin aux enfants d\u00e8s 1 an. Fabriqu\u00e9s en bois 100 % certifi\u00e9 FSC\u00ae pour un jeu durable. Fabriqu\u00e9 en Allemagne. Livr\u00e9s dans une bo\u00eete de rangement premium.<\/p>\n","protected":false},"excerpt":{"rendered":"<p>Des blocs en bois color\u00e9s qui offrent un plaisir de jeu sans fin aux enfants d\u00e8s 1 an.<\/p>\n","protected":false},"featured_media":0,"template":"","meta":{"content-type":"","_monsterinsights_skip_tracking":false,"_monsterinsights_sitenote_active":false,"_monsterinsights_sitenote_note":"","_monsterinsights_sitenote_category":0},"product_brand":[],"product_cat":[2347],"product_tag":[],"brand":[],"target-group":[],"discontinued":[],"class_list":{"0":"post-1368593","1":"product","2":"type-product","3":"status-publish","5":"product_cat-heros-wooden-toys","7":"first","8":"instock","9":"taxable","10":"shipping-taxable","11":"product-type-simple"},"aioseo_notices":[],"_links":{"self":[{"href":"https:\/\/games.tactic.net\/fr\/wp-json\/wp\/v2\/product\/1368593","targetHints":{"allow":["GET"]}}],"collection":[{"href":"https:\/\/games.tactic.net\/fr\/wp-json\/wp\/v2\/product"}],"about":[{"href":"https:\/\/games.tactic.net\/fr\/wp-json\/wp\/v2\/types\/product"}],"wp:attachment":[{"href":"https:\/\/games.tactic.net\/fr\/wp-json\/wp\/v2\/media?parent=1368593"}],"wp:term":[{"taxonomy":"product_brand","embeddable":true,"href":"https:\/\/games.tactic.net\/fr\/wp-json\/wp\/v2\/product_brand?post=1368593"},{"taxonomy":"product_cat","embeddable":true,"href":"https:\/\/games.tactic.net\/fr\/wp-json\/wp\/v2\/product_cat?post=1368593"},{"taxonomy":"product_tag","embeddable":true,"href":"https:\/\/games.tactic.net\/fr\/wp-json\/wp\/v2\/product_tag?post=1368593"},{"taxonomy":"brand","embeddable":true,"href":"https:\/\/games.tactic.net\/fr\/wp-json\/wp\/v2\/brand?post=1368593"},{"taxonomy":"target-group","embeddable":true,"href":"https:\/\/games.tactic.net\/fr\/wp-json\/wp\/v2\/target-group?post=1368593"},{"taxonomy":"discontinued","embeddable":true,"href":"https:\/\/games.tactic.net\/fr\/wp-json\/wp\/v2\/discontinued?post=1368593"}],"curies":[{"name":"wp","href":"https:\/\/api.w.org\/{rel}","templated":true}]}}