{"id":1368492,"date":"2025-11-03T10:10:40","date_gmt":"2025-11-03T08:10:40","guid":{"rendered":"https:\/\/games.tactic.net\/tuote\/heros-play-and-learn-stacking-puzzle-figures\/"},"modified":"2026-02-27T13:14:59","modified_gmt":"2026-02-27T11:14:59","slug":"heros-play-and-learn-stacking-puzzle-figures","status":"publish","type":"product","link":"https:\/\/games.tactic.net\/fr\/tuote\/heros-play-and-learn-stacking-puzzle-figures\/","title":{"rendered":"Heros Play and Learn Puzzle \u00e0 empiler figurines"},"content":{"rendered":"<p>Des \u00e9l\u00e9ments empilables amusants et color\u00e9s pour cr\u00e9er des personnages imaginatifs. D\u00e9veloppe la motricit\u00e9 fine et la coordination \u0153il-main. 100 % certifi\u00e9 FSC\u00ae \u2013 un choix durable et responsable ! Fabriqu\u00e9 en Allemagne.<\/p>\n","protected":false},"excerpt":{"rendered":"<p>Des pi\u00e8ces empilables amusantes et color\u00e9es pour cr\u00e9er des personnages imaginatifs.<\/p>\n","protected":false},"featured_media":0,"template":"","meta":{"content-type":"","_monsterinsights_skip_tracking":false,"_monsterinsights_sitenote_active":false,"_monsterinsights_sitenote_note":"","_monsterinsights_sitenote_category":0},"product_brand":[],"product_cat":[2347],"product_tag":[],"brand":[],"target-group":[],"discontinued":[],"class_list":{"0":"post-1368492","1":"product","2":"type-product","3":"status-publish","5":"product_cat-heros-wooden-toys","7":"first","8":"instock","9":"taxable","10":"shipping-taxable","11":"product-type-simple"},"aioseo_notices":[],"_links":{"self":[{"href":"https:\/\/games.tactic.net\/fr\/wp-json\/wp\/v2\/product\/1368492","targetHints":{"allow":["GET"]}}],"collection":[{"href":"https:\/\/games.tactic.net\/fr\/wp-json\/wp\/v2\/product"}],"about":[{"href":"https:\/\/games.tactic.net\/fr\/wp-json\/wp\/v2\/types\/product"}],"wp:attachment":[{"href":"https:\/\/games.tactic.net\/fr\/wp-json\/wp\/v2\/media?parent=1368492"}],"wp:term":[{"taxonomy":"product_brand","embeddable":true,"href":"https:\/\/games.tactic.net\/fr\/wp-json\/wp\/v2\/product_brand?post=1368492"},{"taxonomy":"product_cat","embeddable":true,"href":"https:\/\/games.tactic.net\/fr\/wp-json\/wp\/v2\/product_cat?post=1368492"},{"taxonomy":"product_tag","embeddable":true,"href":"https:\/\/games.tactic.net\/fr\/wp-json\/wp\/v2\/product_tag?post=1368492"},{"taxonomy":"brand","embeddable":true,"href":"https:\/\/games.tactic.net\/fr\/wp-json\/wp\/v2\/brand?post=1368492"},{"taxonomy":"target-group","embeddable":true,"href":"https:\/\/games.tactic.net\/fr\/wp-json\/wp\/v2\/target-group?post=1368492"},{"taxonomy":"discontinued","embeddable":true,"href":"https:\/\/games.tactic.net\/fr\/wp-json\/wp\/v2\/discontinued?post=1368492"}],"curies":[{"name":"wp","href":"https:\/\/api.w.org\/{rel}","templated":true}]}}