{"id":1368482,"date":"2025-11-03T10:09:13","date_gmt":"2025-11-03T08:09:13","guid":{"rendered":"https:\/\/games.tactic.net\/tuote\/heros-blocks-nature-coloured-wooden-blocks-60pcs\/"},"modified":"2025-11-03T10:09:13","modified_gmt":"2025-11-03T08:09:13","slug":"heros-blocks-nature-coloured-wooden-blocks-60pcs","status":"publish","type":"product","link":"https:\/\/games.tactic.net\/fr\/tuote\/heros-blocks-nature-coloured-wooden-blocks-60pcs\/","title":{"rendered":"Heros Blocs en bois naturels et color\u00e9s 60 pcs"},"content":{"rendered":"<p>De magnifiques blocs en bois color\u00e9s et naturels pour un jeu cr\u00e9atif. Bois 100 % certifi\u00e9 FSC\u00ae \u2013 durable et de haute qualit\u00e9. Fabriqu\u00e9 en Allemagne. Pr\u00e9sent\u00e9s dans une \u00e9l\u00e9gante bo\u00eete de rangement premium.<\/p>\n","protected":false},"excerpt":{"rendered":"<p>De magnifiques blocs en bois color\u00e9s et naturels pour un jeu cr\u00e9atif.<\/p>\n","protected":false},"featured_media":0,"template":"","meta":{"content-type":"","_monsterinsights_skip_tracking":false,"_monsterinsights_sitenote_active":false,"_monsterinsights_sitenote_note":"","_monsterinsights_sitenote_category":0},"product_brand":[],"product_cat":[2347],"product_tag":[],"brand":[],"target-group":[],"discontinued":[],"class_list":{"0":"post-1368482","1":"product","2":"type-product","3":"status-publish","5":"product_cat-heros-wooden-toys","7":"first","8":"instock","9":"taxable","10":"shipping-taxable","11":"product-type-simple"},"aioseo_notices":[],"_links":{"self":[{"href":"https:\/\/games.tactic.net\/fr\/wp-json\/wp\/v2\/product\/1368482","targetHints":{"allow":["GET"]}}],"collection":[{"href":"https:\/\/games.tactic.net\/fr\/wp-json\/wp\/v2\/product"}],"about":[{"href":"https:\/\/games.tactic.net\/fr\/wp-json\/wp\/v2\/types\/product"}],"wp:attachment":[{"href":"https:\/\/games.tactic.net\/fr\/wp-json\/wp\/v2\/media?parent=1368482"}],"wp:term":[{"taxonomy":"product_brand","embeddable":true,"href":"https:\/\/games.tactic.net\/fr\/wp-json\/wp\/v2\/product_brand?post=1368482"},{"taxonomy":"product_cat","embeddable":true,"href":"https:\/\/games.tactic.net\/fr\/wp-json\/wp\/v2\/product_cat?post=1368482"},{"taxonomy":"product_tag","embeddable":true,"href":"https:\/\/games.tactic.net\/fr\/wp-json\/wp\/v2\/product_tag?post=1368482"},{"taxonomy":"brand","embeddable":true,"href":"https:\/\/games.tactic.net\/fr\/wp-json\/wp\/v2\/brand?post=1368482"},{"taxonomy":"target-group","embeddable":true,"href":"https:\/\/games.tactic.net\/fr\/wp-json\/wp\/v2\/target-group?post=1368482"},{"taxonomy":"discontinued","embeddable":true,"href":"https:\/\/games.tactic.net\/fr\/wp-json\/wp\/v2\/discontinued?post=1368482"}],"curies":[{"name":"wp","href":"https:\/\/api.w.org\/{rel}","templated":true}]}}