{"id":1368260,"date":"2025-10-18T14:10:53","date_gmt":"2025-10-18T11:10:53","guid":{"rendered":"https:\/\/games.tactic.net\/tuote\/botanical-bliss\/"},"modified":"2025-10-18T14:10:53","modified_gmt":"2025-10-18T11:10:53","slug":"botanical-bliss","status":"publish","type":"product","link":"https:\/\/games.tactic.net\/fr\/tuote\/botanical-bliss\/","title":{"rendered":"Botanical Bliss"},"content":{"rendered":"<p>Fleurissez plus que les autres et remportez la victoire ! Placez vos jetons sur le plateau de jeu pour cr\u00e9er de magnifiques motifs. Dominez le plateau avec \u00e9l\u00e9gance et habilet\u00e9 en remplissant les cases de mani\u00e8re astucieuse. Vous aurez besoin d\u2019un soup\u00e7on de strat\u00e9gie et d\u2019une pinc\u00e9e de chance. Allez-vous \u00e9clore \u2013 ou faner ?<\/p>\n","protected":false},"excerpt":{"rendered":"<p>Fleurissez plus que les autres et remportez la victoire ! Placez vos jetons sur le plateau de jeu pour cr\u00e9er de magnifiques motifs. Dominez le plateau avec \u00e9l\u00e9gance et habilet\u00e9 en remplissant les cases de mani\u00e8re astucieuse. Vous aurez besoin d\u2019un soup\u00e7on de strat\u00e9gie et d\u2019une pinc\u00e9e de chance. Allez-vous \u00e9clore \u2013 ou faner ?<\/p>\n","protected":false},"featured_media":0,"template":"","meta":{"content-type":"","_monsterinsights_skip_tracking":false,"_monsterinsights_sitenote_active":false,"_monsterinsights_sitenote_note":"","_monsterinsights_sitenote_category":0},"product_brand":[],"product_cat":[1786,1905],"product_tag":[],"brand":[],"target-group":[],"discontinued":[],"class_list":{"0":"post-1368260","1":"product","2":"type-product","3":"status-publish","5":"product_cat-jeux-de-strategie-jeux-adultes","6":"product_cat-jeux-famille","8":"first","9":"instock","10":"taxable","11":"shipping-taxable","12":"product-type-simple"},"aioseo_notices":[],"_links":{"self":[{"href":"https:\/\/games.tactic.net\/fr\/wp-json\/wp\/v2\/product\/1368260","targetHints":{"allow":["GET"]}}],"collection":[{"href":"https:\/\/games.tactic.net\/fr\/wp-json\/wp\/v2\/product"}],"about":[{"href":"https:\/\/games.tactic.net\/fr\/wp-json\/wp\/v2\/types\/product"}],"wp:attachment":[{"href":"https:\/\/games.tactic.net\/fr\/wp-json\/wp\/v2\/media?parent=1368260"}],"wp:term":[{"taxonomy":"product_brand","embeddable":true,"href":"https:\/\/games.tactic.net\/fr\/wp-json\/wp\/v2\/product_brand?post=1368260"},{"taxonomy":"product_cat","embeddable":true,"href":"https:\/\/games.tactic.net\/fr\/wp-json\/wp\/v2\/product_cat?post=1368260"},{"taxonomy":"product_tag","embeddable":true,"href":"https:\/\/games.tactic.net\/fr\/wp-json\/wp\/v2\/product_tag?post=1368260"},{"taxonomy":"brand","embeddable":true,"href":"https:\/\/games.tactic.net\/fr\/wp-json\/wp\/v2\/brand?post=1368260"},{"taxonomy":"target-group","embeddable":true,"href":"https:\/\/games.tactic.net\/fr\/wp-json\/wp\/v2\/target-group?post=1368260"},{"taxonomy":"discontinued","embeddable":true,"href":"https:\/\/games.tactic.net\/fr\/wp-json\/wp\/v2\/discontinued?post=1368260"}],"curies":[{"name":"wp","href":"https:\/\/api.w.org\/{rel}","templated":true}]}}