{"id":1368049,"date":"2025-09-25T13:09:17","date_gmt":"2025-09-25T10:09:17","guid":{"rendered":"https:\/\/games.tactic.net\/tuote\/tactic-apprenons-le-jeu-de-societe\/"},"modified":"2025-09-25T13:09:17","modified_gmt":"2025-09-25T10:09:17","slug":"tactic-apprenons-le-jeu-de-societe","status":"publish","type":"product","link":"https:\/\/games.tactic.net\/fr\/tuote\/tactic-apprenons-le-jeu-de-societe\/","title":{"rendered":"Tactic Apprenons le Jeu de Soci\u00e9t\u00e9"},"content":{"rendered":"<p>Le langage, ce n\u2019est pas simplement parler, c\u2019est aussi comprendre. Ce jeu est parfait pour qu&rsquo;un enfant apprenne \u00e0 comprendre des questions simples et \u00e0 y r\u00e9pondre. Dans ce jeu, vous allez construire un chemin pour le joli petit chien en bois ! Vous recevez une nouvelle tuile pour votre chemin pour chaque bonne r\u00e9ponse \u00e0 la question \u00e0 laquelle vous venez de r\u00e9pondre. Parfait pour les interactions positives adulte-enfant ! Jouez avec un ou plusieurs enfants.<\/p>\n","protected":false},"excerpt":{"rendered":"<p>Un jeu qui change avec les joueurs\u00a0! Un adulte retourne une carte et pose une question sur l\u00b4image &#8211; et cela peut \u00eatre n\u00b4importe quelle question\u00a0! Le fait d\u00b4adapter les questions aux capacit\u00e9s, \u00e0 l\u00b4humeur et aux centres d\u00b4int\u00e9r\u00eat de l\u00b4enfant fait de chaque partie une exp\u00e9rience de jeu totalement unique. &#8211; Contient des maisons 3D et une figurine de chien en bois qui donnent vie au jeu\u00a0! &#8211; Permet aux parents de cr\u00e9er un d\u00e9fi parfaitement adapt\u00e9 \u00e0 leurs enfants.<\/p>\n","protected":false},"featured_media":0,"template":"","meta":{"content-type":"","_monsterinsights_skip_tracking":false,"_monsterinsights_sitenote_active":false,"_monsterinsights_sitenote_note":"","_monsterinsights_sitenote_category":0},"product_brand":[],"product_cat":[1863],"product_tag":[],"brand":[{"id":868,"name":"Let's Learn","slug":"letslearn-fr"}],"target-group":[],"discontinued":[],"class_list":{"0":"post-1368049","1":"product","2":"type-product","3":"status-publish","5":"product_cat-jeux-dapprentissage","6":"brand-letslearn-fr","8":"first","9":"instock","10":"taxable","11":"shipping-taxable","12":"product-type-simple"},"aioseo_notices":[],"_links":{"self":[{"href":"https:\/\/games.tactic.net\/fr\/wp-json\/wp\/v2\/product\/1368049","targetHints":{"allow":["GET"]}}],"collection":[{"href":"https:\/\/games.tactic.net\/fr\/wp-json\/wp\/v2\/product"}],"about":[{"href":"https:\/\/games.tactic.net\/fr\/wp-json\/wp\/v2\/types\/product"}],"wp:attachment":[{"href":"https:\/\/games.tactic.net\/fr\/wp-json\/wp\/v2\/media?parent=1368049"}],"wp:term":[{"taxonomy":"product_brand","embeddable":true,"href":"https:\/\/games.tactic.net\/fr\/wp-json\/wp\/v2\/product_brand?post=1368049"},{"taxonomy":"product_cat","embeddable":true,"href":"https:\/\/games.tactic.net\/fr\/wp-json\/wp\/v2\/product_cat?post=1368049"},{"taxonomy":"product_tag","embeddable":true,"href":"https:\/\/games.tactic.net\/fr\/wp-json\/wp\/v2\/product_tag?post=1368049"},{"taxonomy":"brand","embeddable":true,"href":"https:\/\/games.tactic.net\/fr\/wp-json\/wp\/v2\/brand?post=1368049"},{"taxonomy":"target-group","embeddable":true,"href":"https:\/\/games.tactic.net\/fr\/wp-json\/wp\/v2\/target-group?post=1368049"},{"taxonomy":"discontinued","embeddable":true,"href":"https:\/\/games.tactic.net\/fr\/wp-json\/wp\/v2\/discontinued?post=1368049"}],"curies":[{"name":"wp","href":"https:\/\/api.w.org\/{rel}","templated":true}]}}