{"id":1367080,"date":"2025-06-05T17:18:42","date_gmt":"2025-06-05T14:18:42","guid":{"rendered":"https:\/\/games.tactic.net\/tuote\/200-pcs-puzzle-anime-girl\/"},"modified":"2025-06-05T17:18:42","modified_gmt":"2025-06-05T14:18:42","slug":"200-pcs-puzzle-anime-girl","status":"publish","type":"product","link":"https:\/\/games.tactic.net\/fr\/tuote\/200-pcs-puzzle-anime-girl\/","title":{"rendered":"200 pcs puzzle: Anime girl"},"content":{"rendered":"<p>Puzzle Lovers 200, une gamme de puzzles originaux \u00e0 la fois pour les d\u00e9butants et les puzzlers confirm\u00e9s. Chaque puzzle contient 200 pi\u00e8ces de grande qualit\u00e9.<\/p>\n","protected":false},"excerpt":{"rendered":"<p>200 pcs puzzle: Anime girl.<\/p>\n","protected":false},"featured_media":0,"template":"","meta":{"content-type":"","_monsterinsights_skip_tracking":false,"_monsterinsights_sitenote_active":false,"_monsterinsights_sitenote_note":"","_monsterinsights_sitenote_category":0},"product_brand":[],"product_cat":[2149],"product_tag":[],"brand":[{"id":656,"name":"PuzzleLovers","slug":"puzzlelovers_fr"}],"target-group":[],"discontinued":[],"class_list":{"0":"post-1367080","1":"product","2":"type-product","3":"status-publish","5":"product_cat-200-pieces","6":"brand-puzzlelovers_fr","8":"first","9":"instock","10":"taxable","11":"shipping-taxable","12":"product-type-simple"},"aioseo_notices":[],"_links":{"self":[{"href":"https:\/\/games.tactic.net\/fr\/wp-json\/wp\/v2\/product\/1367080","targetHints":{"allow":["GET"]}}],"collection":[{"href":"https:\/\/games.tactic.net\/fr\/wp-json\/wp\/v2\/product"}],"about":[{"href":"https:\/\/games.tactic.net\/fr\/wp-json\/wp\/v2\/types\/product"}],"wp:attachment":[{"href":"https:\/\/games.tactic.net\/fr\/wp-json\/wp\/v2\/media?parent=1367080"}],"wp:term":[{"taxonomy":"product_brand","embeddable":true,"href":"https:\/\/games.tactic.net\/fr\/wp-json\/wp\/v2\/product_brand?post=1367080"},{"taxonomy":"product_cat","embeddable":true,"href":"https:\/\/games.tactic.net\/fr\/wp-json\/wp\/v2\/product_cat?post=1367080"},{"taxonomy":"product_tag","embeddable":true,"href":"https:\/\/games.tactic.net\/fr\/wp-json\/wp\/v2\/product_tag?post=1367080"},{"taxonomy":"brand","embeddable":true,"href":"https:\/\/games.tactic.net\/fr\/wp-json\/wp\/v2\/brand?post=1367080"},{"taxonomy":"target-group","embeddable":true,"href":"https:\/\/games.tactic.net\/fr\/wp-json\/wp\/v2\/target-group?post=1367080"},{"taxonomy":"discontinued","embeddable":true,"href":"https:\/\/games.tactic.net\/fr\/wp-json\/wp\/v2\/discontinued?post=1367080"}],"curies":[{"name":"wp","href":"https:\/\/api.w.org\/{rel}","templated":true}]}}