{"id":1366940,"date":"2025-05-23T14:39:23","date_gmt":"2025-05-23T11:39:23","guid":{"rendered":"https:\/\/games.tactic.net\/tuote\/tactic-petanque-sport-bag-outdoor-game\/"},"modified":"2025-05-23T14:39:23","modified_gmt":"2025-05-23T11:39:23","slug":"tactic-petanque-sport-bag-outdoor-game","status":"publish","type":"product","link":"https:\/\/games.tactic.net\/fr\/tuote\/tactic-petanque-sport-bag-outdoor-game\/","title":{"rendered":"Tactic Petanque Sport Bag outdoor game"},"content":{"rendered":"<p>Boules de p\u00e9tanque de 73\u00a0mm\/720\u00a0g, cochonnet en bois et corde de mesure. Bandouli\u00e8re color\u00e9e pour faciliter le transport. Mat\u00e9riaux r\u00e9sistants pour une utilisation en ext\u00e9rieur.<\/p>\n","protected":false},"excerpt":{"rendered":"<p>Boules de p\u00e9tanque de 73\u00a0mm\/720\u00a0g, cochonnet en bois et corde de mesure. Bandouli\u00e8re color\u00e9e pour faciliter le transport. Mat\u00e9riaux r\u00e9sistants pour une utilisation en ext\u00e9rieur.<\/p>\n","protected":false},"featured_media":0,"template":"","meta":{"content-type":"","_monsterinsights_skip_tracking":false,"_monsterinsights_sitenote_active":false,"_monsterinsights_sitenote_note":"","_monsterinsights_sitenote_category":0},"product_brand":[],"product_cat":[1885],"product_tag":[302,578],"brand":[],"target-group":[],"discontinued":[],"class_list":{"0":"post-1366940","1":"product","2":"type-product","3":"status-publish","5":"product_cat-autres-jeux-dexterieur","6":"product_tag-action","7":"product_tag-habilete","9":"first","10":"instock","11":"taxable","12":"shipping-taxable","13":"product-type-simple"},"aioseo_notices":[],"_links":{"self":[{"href":"https:\/\/games.tactic.net\/fr\/wp-json\/wp\/v2\/product\/1366940","targetHints":{"allow":["GET"]}}],"collection":[{"href":"https:\/\/games.tactic.net\/fr\/wp-json\/wp\/v2\/product"}],"about":[{"href":"https:\/\/games.tactic.net\/fr\/wp-json\/wp\/v2\/types\/product"}],"wp:attachment":[{"href":"https:\/\/games.tactic.net\/fr\/wp-json\/wp\/v2\/media?parent=1366940"}],"wp:term":[{"taxonomy":"product_brand","embeddable":true,"href":"https:\/\/games.tactic.net\/fr\/wp-json\/wp\/v2\/product_brand?post=1366940"},{"taxonomy":"product_cat","embeddable":true,"href":"https:\/\/games.tactic.net\/fr\/wp-json\/wp\/v2\/product_cat?post=1366940"},{"taxonomy":"product_tag","embeddable":true,"href":"https:\/\/games.tactic.net\/fr\/wp-json\/wp\/v2\/product_tag?post=1366940"},{"taxonomy":"brand","embeddable":true,"href":"https:\/\/games.tactic.net\/fr\/wp-json\/wp\/v2\/brand?post=1366940"},{"taxonomy":"target-group","embeddable":true,"href":"https:\/\/games.tactic.net\/fr\/wp-json\/wp\/v2\/target-group?post=1366940"},{"taxonomy":"discontinued","embeddable":true,"href":"https:\/\/games.tactic.net\/fr\/wp-json\/wp\/v2\/discontinued?post=1366940"}],"curies":[{"name":"wp","href":"https:\/\/api.w.org\/{rel}","templated":true}]}}