{"id":1366854,"date":"2025-05-07T11:09:05","date_gmt":"2025-05-07T08:09:05","guid":{"rendered":"https:\/\/games.tactic.net\/tuote\/1000-pcs-puzzle-retro-vibes\/"},"modified":"2025-05-07T11:09:05","modified_gmt":"2025-05-07T08:09:05","slug":"1000-pcs-puzzle-retro-vibes","status":"publish","type":"product","link":"https:\/\/games.tactic.net\/fr\/tuote\/1000-pcs-puzzle-retro-vibes\/","title":{"rendered":"1000 pcs puzzle: Retro vibes"},"content":{"rendered":"<p>1000 pcs puzzle: Retro vibes.<\/p>\n<p>Puzzle Lovers 1000, une gamme de puzzles originaux \u00e0 la fois pour les d\u00e9butants et les puzzlers confirm\u00e9s. Chaque puzzle contient 1000 pi\u00e8ces de grande qualit\u00e9.<\/p>\n","protected":false},"excerpt":{"rendered":"<p>1000 pcs puzzle: Retro vibes.<\/p>\n","protected":false},"featured_media":0,"template":"","meta":{"content-type":"","_monsterinsights_skip_tracking":false,"_monsterinsights_sitenote_active":false,"_monsterinsights_sitenote_note":"","_monsterinsights_sitenote_category":0},"product_brand":[],"product_cat":[1516],"product_tag":[],"brand":[],"target-group":[],"discontinued":[],"class_list":{"0":"post-1366854","1":"product","2":"type-product","3":"status-publish","5":"product_cat-1000-pieces-puzzles-2","7":"first","8":"instock","9":"taxable","10":"shipping-taxable","11":"product-type-simple"},"aioseo_notices":[],"_links":{"self":[{"href":"https:\/\/games.tactic.net\/fr\/wp-json\/wp\/v2\/product\/1366854","targetHints":{"allow":["GET"]}}],"collection":[{"href":"https:\/\/games.tactic.net\/fr\/wp-json\/wp\/v2\/product"}],"about":[{"href":"https:\/\/games.tactic.net\/fr\/wp-json\/wp\/v2\/types\/product"}],"wp:attachment":[{"href":"https:\/\/games.tactic.net\/fr\/wp-json\/wp\/v2\/media?parent=1366854"}],"wp:term":[{"taxonomy":"product_brand","embeddable":true,"href":"https:\/\/games.tactic.net\/fr\/wp-json\/wp\/v2\/product_brand?post=1366854"},{"taxonomy":"product_cat","embeddable":true,"href":"https:\/\/games.tactic.net\/fr\/wp-json\/wp\/v2\/product_cat?post=1366854"},{"taxonomy":"product_tag","embeddable":true,"href":"https:\/\/games.tactic.net\/fr\/wp-json\/wp\/v2\/product_tag?post=1366854"},{"taxonomy":"brand","embeddable":true,"href":"https:\/\/games.tactic.net\/fr\/wp-json\/wp\/v2\/brand?post=1366854"},{"taxonomy":"target-group","embeddable":true,"href":"https:\/\/games.tactic.net\/fr\/wp-json\/wp\/v2\/target-group?post=1366854"},{"taxonomy":"discontinued","embeddable":true,"href":"https:\/\/games.tactic.net\/fr\/wp-json\/wp\/v2\/discontinued?post=1366854"}],"curies":[{"name":"wp","href":"https:\/\/api.w.org\/{rel}","templated":true}]}}