{"id":1366822,"date":"2025-04-30T11:13:18","date_gmt":"2025-04-30T08:13:18","guid":{"rendered":"https:\/\/games.tactic.net\/tuote\/500-pcs-puzzle-the-christmas-tree-is-decorated\/"},"modified":"2025-04-30T11:13:18","modified_gmt":"2025-04-30T08:13:18","slug":"500-pcs-puzzle-the-christmas-tree-is-decorated","status":"publish","type":"product","link":"https:\/\/games.tactic.net\/fr\/tuote\/500-pcs-puzzle-the-christmas-tree-is-decorated\/","title":{"rendered":"500 pcs puzzle: The Christmas Tree is Decorated"},"content":{"rendered":"<p>500 pcs puzzle: The Christmas Tree is Decorated. Puzzle Lovers 500, une gamme de puzzles originaux \u00e0 la fois pour les d\u00e9butants et les puzzlers confirm\u00e9s. Chaque puzzle contient 500 pi\u00e8ces de grande qualit\u00e9.<\/p>\n<p>\u00a9 Amerin Kulttuuris\u00e4\u00e4ti\u00f6 \/ Rudolf Koivu<\/p>\n","protected":false},"excerpt":{"rendered":"<p>500 pcs puzzle: The Christmas Tree is Decorated.<\/p>\n","protected":false},"featured_media":0,"template":"","meta":{"content-type":"","_monsterinsights_skip_tracking":false,"_monsterinsights_sitenote_active":false,"_monsterinsights_sitenote_note":"","_monsterinsights_sitenote_category":0},"product_brand":[],"product_cat":[1880],"product_tag":[],"brand":[],"target-group":[],"discontinued":[],"class_list":{"0":"post-1366822","1":"product","2":"type-product","3":"status-publish","5":"product_cat-500-pieces-puzzles-2","7":"first","8":"instock","9":"taxable","10":"shipping-taxable","11":"product-type-simple"},"aioseo_notices":[],"_links":{"self":[{"href":"https:\/\/games.tactic.net\/fr\/wp-json\/wp\/v2\/product\/1366822","targetHints":{"allow":["GET"]}}],"collection":[{"href":"https:\/\/games.tactic.net\/fr\/wp-json\/wp\/v2\/product"}],"about":[{"href":"https:\/\/games.tactic.net\/fr\/wp-json\/wp\/v2\/types\/product"}],"wp:attachment":[{"href":"https:\/\/games.tactic.net\/fr\/wp-json\/wp\/v2\/media?parent=1366822"}],"wp:term":[{"taxonomy":"product_brand","embeddable":true,"href":"https:\/\/games.tactic.net\/fr\/wp-json\/wp\/v2\/product_brand?post=1366822"},{"taxonomy":"product_cat","embeddable":true,"href":"https:\/\/games.tactic.net\/fr\/wp-json\/wp\/v2\/product_cat?post=1366822"},{"taxonomy":"product_tag","embeddable":true,"href":"https:\/\/games.tactic.net\/fr\/wp-json\/wp\/v2\/product_tag?post=1366822"},{"taxonomy":"brand","embeddable":true,"href":"https:\/\/games.tactic.net\/fr\/wp-json\/wp\/v2\/brand?post=1366822"},{"taxonomy":"target-group","embeddable":true,"href":"https:\/\/games.tactic.net\/fr\/wp-json\/wp\/v2\/target-group?post=1366822"},{"taxonomy":"discontinued","embeddable":true,"href":"https:\/\/games.tactic.net\/fr\/wp-json\/wp\/v2\/discontinued?post=1366822"}],"curies":[{"name":"wp","href":"https:\/\/api.w.org\/{rel}","templated":true}]}}