{"id":1366588,"date":"2025-04-15T12:08:21","date_gmt":"2025-04-15T09:08:21","guid":{"rendered":"https:\/\/games.tactic.net\/tuote\/apprenons-le-rallye-des-mots\/"},"modified":"2025-04-15T12:08:21","modified_gmt":"2025-04-15T09:08:21","slug":"apprenons-le-rallye-des-mots","status":"publish","type":"product","link":"https:\/\/games.tactic.net\/fr\/tuote\/apprenons-le-rallye-des-mots\/","title":{"rendered":"Tactic Apprenons le Rallye des mots"},"content":{"rendered":"<p>APPRENDRE PEUT \u00caTRE AMUSANT ET SE FAIRE EN JOUANT !<\/p>\n<p>Soyez le plus rapide pour trouver des mots avec des initiales diff\u00e9rentes et pour ainsi r\u00e9cup\u00e9rer des jetons sur vos plateaux Bingo. Le joueur avec la premi\u00e8re rang\u00e9e de cinq jetons remporte la partie ! Des cartes sp\u00e9ciales vont rendre le jeu encore plus excitant ! Vous aurez deux niveaux de jeu ; les enfants les plus jeunes joueront avec des plateaux avec des images. Le jeu comprend aussi des conseils sur la mani\u00e8re de trier les mots pour d\u00e9velopper le vocabulaire et les comp\u00e9tences de r\u00e9flexion.<\/p>\n","protected":false},"excerpt":{"rendered":"<p>APPRENDRE PEUT \u00caTRE AMUSANT ET SE FAIRE EN JOUANT ! Soyez le plus rapide pour trouver des mots avec des initiales diff\u00e9rentes et pour ainsi r\u00e9cup\u00e9rer des jetons sur vos plateaux Bingo. Le joueur avec la premi\u00e8re rang\u00e9e de cinq jetons remporte la partie ! Des cartes sp\u00e9ciales vont rendre le jeu encore plus excitant [&hellip;]<\/p>\n","protected":false},"featured_media":0,"template":"","meta":{"content-type":"","_monsterinsights_skip_tracking":false,"_monsterinsights_sitenote_active":false,"_monsterinsights_sitenote_note":"","_monsterinsights_sitenote_category":0},"product_brand":[],"product_cat":[1863],"product_tag":[410],"brand":[{"id":868,"name":"Let's Learn","slug":"letslearn-fr"}],"target-group":[],"discontinued":[],"class_list":{"0":"post-1366588","1":"product","2":"type-product","3":"status-publish","5":"product_cat-jeux-dapprentissage","6":"product_tag-educatif","7":"brand-letslearn-fr","9":"first","10":"instock","11":"taxable","12":"shipping-taxable","13":"product-type-simple"},"aioseo_notices":[],"_links":{"self":[{"href":"https:\/\/games.tactic.net\/fr\/wp-json\/wp\/v2\/product\/1366588","targetHints":{"allow":["GET"]}}],"collection":[{"href":"https:\/\/games.tactic.net\/fr\/wp-json\/wp\/v2\/product"}],"about":[{"href":"https:\/\/games.tactic.net\/fr\/wp-json\/wp\/v2\/types\/product"}],"wp:attachment":[{"href":"https:\/\/games.tactic.net\/fr\/wp-json\/wp\/v2\/media?parent=1366588"}],"wp:term":[{"taxonomy":"product_brand","embeddable":true,"href":"https:\/\/games.tactic.net\/fr\/wp-json\/wp\/v2\/product_brand?post=1366588"},{"taxonomy":"product_cat","embeddable":true,"href":"https:\/\/games.tactic.net\/fr\/wp-json\/wp\/v2\/product_cat?post=1366588"},{"taxonomy":"product_tag","embeddable":true,"href":"https:\/\/games.tactic.net\/fr\/wp-json\/wp\/v2\/product_tag?post=1366588"},{"taxonomy":"brand","embeddable":true,"href":"https:\/\/games.tactic.net\/fr\/wp-json\/wp\/v2\/brand?post=1366588"},{"taxonomy":"target-group","embeddable":true,"href":"https:\/\/games.tactic.net\/fr\/wp-json\/wp\/v2\/target-group?post=1366588"},{"taxonomy":"discontinued","embeddable":true,"href":"https:\/\/games.tactic.net\/fr\/wp-json\/wp\/v2\/discontinued?post=1366588"}],"curies":[{"name":"wp","href":"https:\/\/api.w.org\/{rel}","templated":true}]}}