{"id":1365859,"date":"2025-02-24T10:33:41","date_gmt":"2025-02-24T08:33:41","guid":{"rendered":"https:\/\/games.tactic.net\/tuote\/tactic-apprenons-le-corps-humain\/"},"modified":"2025-05-16T14:02:16","modified_gmt":"2025-05-16T11:02:16","slug":"tactic-apprenons-le-corps-humain","status":"publish","type":"product","link":"https:\/\/games.tactic.net\/fr\/tuote\/tactic-apprenons-le-corps-humain\/","title":{"rendered":"Tactic Apprenons le corps humain"},"content":{"rendered":"<p>Partons tous pour un fascinant voyage dans le corps humain ! Le premier joueur \u00e0 atteindre l\u2019arriv\u00e9e devient m\u00e9decin ! D\u00e9placez votre figurine sur le plateau de jeu, r\u00e9pondez \u00e0 des questions amusantes sur le corps humain et son fonctionnement. Et essayez par vous-m\u00eames les diff\u00e9rents mouvements. R\u00e9ussir les t\u00e2ches vous fera avancer sur le chemin pour devenir m\u00e9decin ; mais attention, car les autres joueurs essaieront d\u2019\u00eatre plus rapides que vous !<\/p>\n<p><img decoding=\"async\" src=\"https:\\\\\\\\games.tactic.net\\\\pic\\\\logo\\\\Awarded_concept.png\"><\/p>\n","protected":false},"excerpt":{"rendered":"<p>Partons tous pour un fascinant voyage dans le corps humain! Le premier joueur \u00e0 atteindre l\u2019arriv\u00e9e devient m\u00e9decin ! D\u00e9placez votre figurinesur le plateau de jeu, r\u00e9pondez \u00e0 des questions amusantes sur le corps humain et son fonctionnement. Et essayez par vous m\u00eames les diff\u00e9rents mouvements. R\u00e9ussir les t\u00e2ches vous fera avancer sur le chemin pour devenir m\u00e9decin ; mais attention, car les autres joueurs essaieront d\u2019\u00eatre plus rapides que vous ! Vous trouverez trois types de d\u00e9fis dans le jeu : trouver, conna\u00eetre et essayer. Commencez votre fascinant voyage dans le corps humain !<\/p>\n","protected":false},"featured_media":0,"template":"","meta":{"content-type":"","_monsterinsights_skip_tracking":false,"_monsterinsights_sitenote_active":false,"_monsterinsights_sitenote_note":"","_monsterinsights_sitenote_category":0},"product_brand":[],"product_cat":[1863,1858],"product_tag":[1236,410],"brand":[{"id":868,"name":"Let's Learn","slug":"letslearn-fr"}],"target-group":[],"discontinued":[],"class_list":{"0":"post-1365859","1":"product","2":"type-product","3":"status-publish","5":"product_cat-jeux-dapprentissage","6":"product_cat-jeux-de-societe-enfants","7":"product_tag-combiner-fr","8":"product_tag-educatif","9":"brand-letslearn-fr","11":"first","12":"instock","13":"taxable","14":"shipping-taxable","15":"product-type-simple"},"aioseo_notices":[],"_links":{"self":[{"href":"https:\/\/games.tactic.net\/fr\/wp-json\/wp\/v2\/product\/1365859","targetHints":{"allow":["GET"]}}],"collection":[{"href":"https:\/\/games.tactic.net\/fr\/wp-json\/wp\/v2\/product"}],"about":[{"href":"https:\/\/games.tactic.net\/fr\/wp-json\/wp\/v2\/types\/product"}],"wp:attachment":[{"href":"https:\/\/games.tactic.net\/fr\/wp-json\/wp\/v2\/media?parent=1365859"}],"wp:term":[{"taxonomy":"product_brand","embeddable":true,"href":"https:\/\/games.tactic.net\/fr\/wp-json\/wp\/v2\/product_brand?post=1365859"},{"taxonomy":"product_cat","embeddable":true,"href":"https:\/\/games.tactic.net\/fr\/wp-json\/wp\/v2\/product_cat?post=1365859"},{"taxonomy":"product_tag","embeddable":true,"href":"https:\/\/games.tactic.net\/fr\/wp-json\/wp\/v2\/product_tag?post=1365859"},{"taxonomy":"brand","embeddable":true,"href":"https:\/\/games.tactic.net\/fr\/wp-json\/wp\/v2\/brand?post=1365859"},{"taxonomy":"target-group","embeddable":true,"href":"https:\/\/games.tactic.net\/fr\/wp-json\/wp\/v2\/target-group?post=1365859"},{"taxonomy":"discontinued","embeddable":true,"href":"https:\/\/games.tactic.net\/fr\/wp-json\/wp\/v2\/discontinued?post=1365859"}],"curies":[{"name":"wp","href":"https:\/\/api.w.org\/{rel}","templated":true}]}}