{"id":136438,"date":"2021-09-22T13:21:22","date_gmt":"2021-09-22T10:21:22","guid":{"rendered":"http:\/\/dev.tactic.net\/tuote\/colour-in-puzzles-1000-pcs-moomin\/"},"modified":"2022-02-03T11:36:40","modified_gmt":"2022-02-03T09:36:40","slug":"colour-in-puzzles-1000-pcs-moomin","status":"archive","type":"product","link":"https:\/\/games.tactic.net\/fr\/tuote\/colour-in-puzzles-1000-pcs-moomin\/","title":{"rendered":"Colour-In Puzzles 1000 pcs Moomin"},"content":{"rendered":"<p>Rendez ce puzzle unique en le coloriant selon<br \/>\nvotre inspiration ! Ce puzzle de grande qualit\u00e9 a \u00e9t\u00e9<br \/>\nr\u00e9alis\u00e9 avec soin et pr\u00e9cision, pour vous garantir un<br \/>\nassemblage parfait.<\/p>\n","protected":false},"excerpt":{"rendered":"<p>Rendez ce puzzle unique en le coloriant selon<br \/>\nvotre inspiration ! Ce puzzle de grande qualit\u00e9 a \u00e9t\u00e9<br \/>\nr\u00e9alis\u00e9 avec soin et pr\u00e9cision, pour vous garantir un<br \/>\nassemblage parfait.<\/p>\n","protected":false},"featured_media":0,"template":"","meta":{"content-type":"","_monsterinsights_skip_tracking":false,"_monsterinsights_sitenote_active":false,"_monsterinsights_sitenote_note":"","_monsterinsights_sitenote_category":0},"product_brand":[],"product_cat":[1516],"product_tag":[],"brand":[],"target-group":[],"discontinued":[],"class_list":{"0":"post-136438","1":"product","2":"type-product","3":"status-archive","5":"product_cat-1000-pieces-puzzles-2","7":"first","8":"outofstock","9":"taxable","10":"shipping-taxable","11":"product-type-simple"},"aioseo_notices":[],"_links":{"self":[{"href":"https:\/\/games.tactic.net\/fr\/wp-json\/wp\/v2\/product\/136438","targetHints":{"allow":["GET"]}}],"collection":[{"href":"https:\/\/games.tactic.net\/fr\/wp-json\/wp\/v2\/product"}],"about":[{"href":"https:\/\/games.tactic.net\/fr\/wp-json\/wp\/v2\/types\/product"}],"wp:attachment":[{"href":"https:\/\/games.tactic.net\/fr\/wp-json\/wp\/v2\/media?parent=136438"}],"wp:term":[{"taxonomy":"product_brand","embeddable":true,"href":"https:\/\/games.tactic.net\/fr\/wp-json\/wp\/v2\/product_brand?post=136438"},{"taxonomy":"product_cat","embeddable":true,"href":"https:\/\/games.tactic.net\/fr\/wp-json\/wp\/v2\/product_cat?post=136438"},{"taxonomy":"product_tag","embeddable":true,"href":"https:\/\/games.tactic.net\/fr\/wp-json\/wp\/v2\/product_tag?post=136438"},{"taxonomy":"brand","embeddable":true,"href":"https:\/\/games.tactic.net\/fr\/wp-json\/wp\/v2\/brand?post=136438"},{"taxonomy":"target-group","embeddable":true,"href":"https:\/\/games.tactic.net\/fr\/wp-json\/wp\/v2\/target-group?post=136438"},{"taxonomy":"discontinued","embeddable":true,"href":"https:\/\/games.tactic.net\/fr\/wp-json\/wp\/v2\/discontinued?post=136438"}],"curies":[{"name":"wp","href":"https:\/\/api.w.org\/{rel}","templated":true}]}}