{"id":1363394,"date":"2024-12-02T12:09:53","date_gmt":"2024-12-02T10:09:53","guid":{"rendered":"https:\/\/games.tactic.net\/tuote\/tactic-transformers-3-in-1-lotto-domino-memo\/"},"modified":"2024-12-02T12:09:53","modified_gmt":"2024-12-02T10:09:53","slug":"tactic-transformers-3-in-1-lotto-domino-memo","status":"publish","type":"product","link":"https:\/\/games.tactic.net\/fr\/tuote\/tactic-transformers-3-in-1-lotto-domino-memo\/","title":{"rendered":"Tactic Transformers 3 in 1 Lotto, Domino, Memo"},"content":{"rendered":"<p>Trois jeux dans la m\u00eame bo\u00eete ! Tu y trouveras trois<br \/>\ngrands classiques : le Loto, les Dominos et le M\u00e9mo. Collecte les tuiles<br \/>\ncorrespondant aux images de ton plateau, forme des cha\u00eenes ou assemble des paires gr\u00e2ce \u00e0 ta m\u00e9moire. Un amusement sans fin pour petits et grands !<\/p>\n","protected":false},"excerpt":{"rendered":"<p>Trois jeux dans la m\u00eame bo\u00eete ! Tu y trouveras trois grands classiques : le Loto, les Dominos et le M\u00e9mo. Collecte les tuiles correspondant aux images de ton plateau, forme des cha\u00eenes ou assemble des paires gr\u00e2ce \u00e0 ta m\u00e9moire. Un amusement sans fin pour petits et grands !<\/p>\n","protected":false},"featured_media":0,"template":"","meta":{"content-type":"","_monsterinsights_skip_tracking":false,"_monsterinsights_sitenote_active":false,"_monsterinsights_sitenote_note":"","_monsterinsights_sitenote_category":0},"product_brand":[],"product_cat":[1858,1865],"product_tag":[1236],"brand":[],"target-group":[],"discontinued":[],"class_list":{"0":"post-1363394","1":"product","2":"type-product","3":"status-publish","5":"product_cat-jeux-de-societe-enfants","6":"product_cat-memos","7":"product_tag-combiner-fr","9":"first","10":"instock","11":"taxable","12":"shipping-taxable","13":"product-type-simple"},"aioseo_notices":[],"_links":{"self":[{"href":"https:\/\/games.tactic.net\/fr\/wp-json\/wp\/v2\/product\/1363394","targetHints":{"allow":["GET"]}}],"collection":[{"href":"https:\/\/games.tactic.net\/fr\/wp-json\/wp\/v2\/product"}],"about":[{"href":"https:\/\/games.tactic.net\/fr\/wp-json\/wp\/v2\/types\/product"}],"wp:attachment":[{"href":"https:\/\/games.tactic.net\/fr\/wp-json\/wp\/v2\/media?parent=1363394"}],"wp:term":[{"taxonomy":"product_brand","embeddable":true,"href":"https:\/\/games.tactic.net\/fr\/wp-json\/wp\/v2\/product_brand?post=1363394"},{"taxonomy":"product_cat","embeddable":true,"href":"https:\/\/games.tactic.net\/fr\/wp-json\/wp\/v2\/product_cat?post=1363394"},{"taxonomy":"product_tag","embeddable":true,"href":"https:\/\/games.tactic.net\/fr\/wp-json\/wp\/v2\/product_tag?post=1363394"},{"taxonomy":"brand","embeddable":true,"href":"https:\/\/games.tactic.net\/fr\/wp-json\/wp\/v2\/brand?post=1363394"},{"taxonomy":"target-group","embeddable":true,"href":"https:\/\/games.tactic.net\/fr\/wp-json\/wp\/v2\/target-group?post=1363394"},{"taxonomy":"discontinued","embeddable":true,"href":"https:\/\/games.tactic.net\/fr\/wp-json\/wp\/v2\/discontinued?post=1363394"}],"curies":[{"name":"wp","href":"https:\/\/api.w.org\/{rel}","templated":true}]}}