{"id":1363005,"date":"2024-11-27T12:48:38","date_gmt":"2024-11-27T10:48:38","guid":{"rendered":"https:\/\/games.tactic.net\/tuote\/tactic-puzzle-lovers-pirate-captains-on-shore-56-pcs-puzzle\/"},"modified":"2024-11-27T12:48:38","modified_gmt":"2024-11-27T10:48:38","slug":"tactic-puzzle-lovers-pirate-captains-on-shore-56-pcs-puzzle","status":"publish","type":"product","link":"https:\/\/games.tactic.net\/fr\/tuote\/tactic-puzzle-lovers-pirate-captains-on-shore-56-pcs-puzzle\/","title":{"rendered":"Tactic Puzzle Lovers Pirate Captains on Shore 56 pcs puzzle"},"content":{"rendered":"<p>Puzzle Lovers 56 est id\u00e9al pour les enfants et les d\u00e9butants avec un nombre de pi\u00e8ces r\u00e9duit pour une r\u00e9alistation rapide<\/p>\n<p>Puzzle Lovers r\u00e9pond \u00e0 tous les amoureux de puzzle, du passionn\u00e9 au d\u00e9butant, et aux enfants. Ces puezzles de qualit\u00e9 repr\u00e9sentent des paysages grandisoses, des endroits fascinants du monde entier, des animaux magnifiques, des paysages nordiques et bien plus.<\/p>\n","protected":false},"excerpt":{"rendered":"<p>42 x 29,7 cm.<\/p>\n","protected":false},"featured_media":0,"template":"","meta":{"content-type":"","_monsterinsights_skip_tracking":false,"_monsterinsights_sitenote_active":false,"_monsterinsights_sitenote_note":"","_monsterinsights_sitenote_category":0},"product_brand":[],"product_cat":[1867],"product_tag":[],"brand":[],"target-group":[],"discontinued":[],"class_list":{"0":"post-1363005","1":"product","2":"type-product","3":"status-publish","5":"product_cat-puzzles-enfants-puzzles-2","7":"first","8":"instock","9":"taxable","10":"shipping-taxable","11":"product-type-simple"},"aioseo_notices":[],"_links":{"self":[{"href":"https:\/\/games.tactic.net\/fr\/wp-json\/wp\/v2\/product\/1363005","targetHints":{"allow":["GET"]}}],"collection":[{"href":"https:\/\/games.tactic.net\/fr\/wp-json\/wp\/v2\/product"}],"about":[{"href":"https:\/\/games.tactic.net\/fr\/wp-json\/wp\/v2\/types\/product"}],"wp:attachment":[{"href":"https:\/\/games.tactic.net\/fr\/wp-json\/wp\/v2\/media?parent=1363005"}],"wp:term":[{"taxonomy":"product_brand","embeddable":true,"href":"https:\/\/games.tactic.net\/fr\/wp-json\/wp\/v2\/product_brand?post=1363005"},{"taxonomy":"product_cat","embeddable":true,"href":"https:\/\/games.tactic.net\/fr\/wp-json\/wp\/v2\/product_cat?post=1363005"},{"taxonomy":"product_tag","embeddable":true,"href":"https:\/\/games.tactic.net\/fr\/wp-json\/wp\/v2\/product_tag?post=1363005"},{"taxonomy":"brand","embeddable":true,"href":"https:\/\/games.tactic.net\/fr\/wp-json\/wp\/v2\/brand?post=1363005"},{"taxonomy":"target-group","embeddable":true,"href":"https:\/\/games.tactic.net\/fr\/wp-json\/wp\/v2\/target-group?post=1363005"},{"taxonomy":"discontinued","embeddable":true,"href":"https:\/\/games.tactic.net\/fr\/wp-json\/wp\/v2\/discontinued?post=1363005"}],"curies":[{"name":"wp","href":"https:\/\/api.w.org\/{rel}","templated":true}]}}