{"id":1362818,"date":"2024-11-23T08:27:01","date_gmt":"2024-11-23T06:27:01","guid":{"rendered":"https:\/\/games.tactic.net\/tuote\/memo-traffic-signs\/"},"modified":"2024-11-23T08:27:01","modified_gmt":"2024-11-23T06:27:01","slug":"memo-traffic-signs","status":"publish","type":"product","link":"https:\/\/games.tactic.net\/fr\/tuote\/memo-traffic-signs\/","title":{"rendered":"Tactic Memo Traffic Signs"},"content":{"rendered":"<p>Gagne en retrouvant les bonnes paires! Retournez deux tuiles et essayez de trouver autant de paires que vous pouvez! Ce jeu classique convient aux enfants de tout \u00e2ge, avec des illustrations color\u00e9es \u00e0 d\u00e9couvrir!<\/p>\n","protected":false},"excerpt":{"rendered":"<p>Gagne en retrouvant les bonnes paires! Retournez deux tuiles et essayez de trouver autant de paires que vous pouvez! Ce jeu classique convient aux enfants de tout \u00e2ge, avec des illustrations color\u00e9es \u00e0 d\u00e9couvrir!<\/p>\n","protected":false},"featured_media":0,"template":"","meta":{"content-type":"","_monsterinsights_skip_tracking":false,"_monsterinsights_sitenote_active":false,"_monsterinsights_sitenote_note":"","_monsterinsights_sitenote_category":0},"product_brand":[],"product_cat":[1865],"product_tag":[1236],"brand":[],"target-group":[],"discontinued":[],"class_list":{"0":"post-1362818","1":"product","2":"type-product","3":"status-publish","5":"product_cat-memos","6":"product_tag-combiner-fr","8":"first","9":"instock","10":"taxable","11":"shipping-taxable","12":"product-type-simple"},"aioseo_notices":[],"_links":{"self":[{"href":"https:\/\/games.tactic.net\/fr\/wp-json\/wp\/v2\/product\/1362818","targetHints":{"allow":["GET"]}}],"collection":[{"href":"https:\/\/games.tactic.net\/fr\/wp-json\/wp\/v2\/product"}],"about":[{"href":"https:\/\/games.tactic.net\/fr\/wp-json\/wp\/v2\/types\/product"}],"wp:attachment":[{"href":"https:\/\/games.tactic.net\/fr\/wp-json\/wp\/v2\/media?parent=1362818"}],"wp:term":[{"taxonomy":"product_brand","embeddable":true,"href":"https:\/\/games.tactic.net\/fr\/wp-json\/wp\/v2\/product_brand?post=1362818"},{"taxonomy":"product_cat","embeddable":true,"href":"https:\/\/games.tactic.net\/fr\/wp-json\/wp\/v2\/product_cat?post=1362818"},{"taxonomy":"product_tag","embeddable":true,"href":"https:\/\/games.tactic.net\/fr\/wp-json\/wp\/v2\/product_tag?post=1362818"},{"taxonomy":"brand","embeddable":true,"href":"https:\/\/games.tactic.net\/fr\/wp-json\/wp\/v2\/brand?post=1362818"},{"taxonomy":"target-group","embeddable":true,"href":"https:\/\/games.tactic.net\/fr\/wp-json\/wp\/v2\/target-group?post=1362818"},{"taxonomy":"discontinued","embeddable":true,"href":"https:\/\/games.tactic.net\/fr\/wp-json\/wp\/v2\/discontinued?post=1362818"}],"curies":[{"name":"wp","href":"https:\/\/api.w.org\/{rel}","templated":true}]}}