{"id":1362809,"date":"2024-11-22T10:09:07","date_gmt":"2024-11-22T08:09:07","guid":{"rendered":"https:\/\/games.tactic.net\/tuote\/memo-flags\/"},"modified":"2024-11-22T10:09:07","modified_gmt":"2024-11-22T08:09:07","slug":"memo-flags","status":"publish","type":"product","link":"https:\/\/games.tactic.net\/fr\/tuote\/memo-flags\/","title":{"rendered":"Tactic Memo Flags"},"content":{"rendered":"<p>Gagne en retrouvant les bonnes paires ! Retournez deux tuiles et essayez de trouver autant de paires que vous pouvez ! Ce jeu classique convient aux enfants de tout \u00e2ge, avec des illustrations color\u00e9es \u00e0 d\u00e9couvrir !<\/p>\n","protected":false},"excerpt":{"rendered":"<p>Gagne en retrouvant les bonnes paires ! Retournez deux tuiles et essayez de trouver autant de paires que vous pouvez ! Ce jeu classique convient aux enfants de tout \u00e2ge, avec des illustrations color\u00e9es \u00e0 d\u00e9couvrir !<\/p>\n","protected":false},"featured_media":0,"template":"","meta":{"content-type":"","_monsterinsights_skip_tracking":false,"_monsterinsights_sitenote_active":false,"_monsterinsights_sitenote_note":"","_monsterinsights_sitenote_category":0},"product_brand":[],"product_cat":[1865],"product_tag":[1236],"brand":[],"target-group":[],"discontinued":[],"class_list":{"0":"post-1362809","1":"product","2":"type-product","3":"status-publish","5":"product_cat-memos","6":"product_tag-combiner-fr","8":"first","9":"instock","10":"taxable","11":"shipping-taxable","12":"product-type-simple"},"aioseo_notices":[],"_links":{"self":[{"href":"https:\/\/games.tactic.net\/fr\/wp-json\/wp\/v2\/product\/1362809","targetHints":{"allow":["GET"]}}],"collection":[{"href":"https:\/\/games.tactic.net\/fr\/wp-json\/wp\/v2\/product"}],"about":[{"href":"https:\/\/games.tactic.net\/fr\/wp-json\/wp\/v2\/types\/product"}],"wp:attachment":[{"href":"https:\/\/games.tactic.net\/fr\/wp-json\/wp\/v2\/media?parent=1362809"}],"wp:term":[{"taxonomy":"product_brand","embeddable":true,"href":"https:\/\/games.tactic.net\/fr\/wp-json\/wp\/v2\/product_brand?post=1362809"},{"taxonomy":"product_cat","embeddable":true,"href":"https:\/\/games.tactic.net\/fr\/wp-json\/wp\/v2\/product_cat?post=1362809"},{"taxonomy":"product_tag","embeddable":true,"href":"https:\/\/games.tactic.net\/fr\/wp-json\/wp\/v2\/product_tag?post=1362809"},{"taxonomy":"brand","embeddable":true,"href":"https:\/\/games.tactic.net\/fr\/wp-json\/wp\/v2\/brand?post=1362809"},{"taxonomy":"target-group","embeddable":true,"href":"https:\/\/games.tactic.net\/fr\/wp-json\/wp\/v2\/target-group?post=1362809"},{"taxonomy":"discontinued","embeddable":true,"href":"https:\/\/games.tactic.net\/fr\/wp-json\/wp\/v2\/discontinued?post=1362809"}],"curies":[{"name":"wp","href":"https:\/\/api.w.org\/{rel}","templated":true}]}}