{"id":1362296,"date":"2024-11-08T18:35:52","date_gmt":"2024-11-08T16:35:52","guid":{"rendered":"https:\/\/games.tactic.net\/tuote\/tactic-puzzle-lovers-vintage-posters-daily-curse-1000-pcs-puzzle\/"},"modified":"2024-11-08T18:35:52","modified_gmt":"2024-11-08T16:35:52","slug":"tactic-puzzle-lovers-vintage-posters-daily-curse-1000-pcs-puzzle","status":"publish","type":"product","link":"https:\/\/games.tactic.net\/fr\/tuote\/tactic-puzzle-lovers-vintage-posters-daily-curse-1000-pcs-puzzle\/","title":{"rendered":"Tactic Puzzle Lovers Vintage Posters Daily Curse 1000 pcs puzzle"},"content":{"rendered":"<p>Vintage Posters est une gamme de puzzle representant des images et des publicit\u00e9s vintages.<\/p>\n<p>Puzzle Lovers r\u00e9pond \u00e0 tous les amoureux de puzzle, du passionn\u00e9 au d\u00e9butant, et aux enfants. Ces puezzles de qualit\u00e9 repr\u00e9sentent des paysages grandisoses, des endroits fascinants du monde entier, des animaux magnifiques, des paysages nordiques et bien plus.<\/p>\n","protected":false},"excerpt":{"rendered":"<p>67 x 48 cm.<\/p>\n","protected":false},"featured_media":0,"template":"","meta":{"content-type":"","_monsterinsights_skip_tracking":false,"_monsterinsights_sitenote_active":false,"_monsterinsights_sitenote_note":"","_monsterinsights_sitenote_category":0},"product_brand":[],"product_cat":[1516],"product_tag":[],"brand":[],"target-group":[],"discontinued":[],"class_list":{"0":"post-1362296","1":"product","2":"type-product","3":"status-publish","5":"product_cat-1000-pieces-puzzles-2","7":"first","8":"instock","9":"taxable","10":"shipping-taxable","11":"product-type-simple"},"aioseo_notices":[],"_links":{"self":[{"href":"https:\/\/games.tactic.net\/fr\/wp-json\/wp\/v2\/product\/1362296","targetHints":{"allow":["GET"]}}],"collection":[{"href":"https:\/\/games.tactic.net\/fr\/wp-json\/wp\/v2\/product"}],"about":[{"href":"https:\/\/games.tactic.net\/fr\/wp-json\/wp\/v2\/types\/product"}],"wp:attachment":[{"href":"https:\/\/games.tactic.net\/fr\/wp-json\/wp\/v2\/media?parent=1362296"}],"wp:term":[{"taxonomy":"product_brand","embeddable":true,"href":"https:\/\/games.tactic.net\/fr\/wp-json\/wp\/v2\/product_brand?post=1362296"},{"taxonomy":"product_cat","embeddable":true,"href":"https:\/\/games.tactic.net\/fr\/wp-json\/wp\/v2\/product_cat?post=1362296"},{"taxonomy":"product_tag","embeddable":true,"href":"https:\/\/games.tactic.net\/fr\/wp-json\/wp\/v2\/product_tag?post=1362296"},{"taxonomy":"brand","embeddable":true,"href":"https:\/\/games.tactic.net\/fr\/wp-json\/wp\/v2\/brand?post=1362296"},{"taxonomy":"target-group","embeddable":true,"href":"https:\/\/games.tactic.net\/fr\/wp-json\/wp\/v2\/target-group?post=1362296"},{"taxonomy":"discontinued","embeddable":true,"href":"https:\/\/games.tactic.net\/fr\/wp-json\/wp\/v2\/discontinued?post=1362296"}],"curies":[{"name":"wp","href":"https:\/\/api.w.org\/{rel}","templated":true}]}}