{"id":1362107,"date":"2024-10-22T11:08:36","date_gmt":"2024-10-22T08:08:36","guid":{"rendered":"https:\/\/games.tactic.net\/tuote\/tactic-apprenons-les-emotions-puzzle\/"},"modified":"2024-10-22T11:08:36","modified_gmt":"2024-10-22T08:08:36","slug":"tactic-apprenons-les-emotions-puzzle","status":"publish","type":"product","link":"https:\/\/games.tactic.net\/fr\/tuote\/tactic-apprenons-les-emotions-puzzle\/","title":{"rendered":"Tactic Apprenons les Emotions puzzle"},"content":{"rendered":"<p>Amusez-vous et apprenez \u00e0 conna\u00eetre les sentiments avec des cartes question color\u00e9es. Parlez de la joie, de la d\u00e9ception, des larmes de joie, de la curiosit\u00e9, de la jalousie et de bien d&rsquo;autres sentiments \u00e0 l&rsquo;aide des cartes question utiles. Chercher, compter, deviner, discuter &#8211; Apprenons les sentiments et les comp\u00e9tences de perception tout en nous amusant ensemble !<\/p>\n","protected":false},"excerpt":{"rendered":"<p>Amusez-vous et apprenez \u00e0 conna\u00eetre les sentiments avec des cartes question color\u00e9es. Parlez de la joie, de la d\u00e9ception, des larmes de joie, de la curiosit\u00e9, de la jalousie et de bien d&rsquo;autres sentiments \u00e0 l&rsquo;aide des cartes question utiles. Chercher, compter, deviner, discuter &#8211; Apprenons les sentiments et les comp\u00e9tences de perception tout en [&hellip;]<\/p>\n","protected":false},"featured_media":0,"template":"","meta":{"content-type":"","_monsterinsights_skip_tracking":false,"_monsterinsights_sitenote_active":false,"_monsterinsights_sitenote_note":"","_monsterinsights_sitenote_category":0},"product_brand":[],"product_cat":[1863],"product_tag":[1236],"brand":[{"id":868,"name":"Let's Learn","slug":"letslearn-fr"}],"target-group":[],"discontinued":[],"class_list":{"0":"post-1362107","1":"product","2":"type-product","3":"status-publish","5":"product_cat-jeux-dapprentissage","6":"product_tag-combiner-fr","7":"brand-letslearn-fr","9":"first","10":"instock","11":"taxable","12":"shipping-taxable","13":"product-type-simple"},"aioseo_notices":[],"_links":{"self":[{"href":"https:\/\/games.tactic.net\/fr\/wp-json\/wp\/v2\/product\/1362107","targetHints":{"allow":["GET"]}}],"collection":[{"href":"https:\/\/games.tactic.net\/fr\/wp-json\/wp\/v2\/product"}],"about":[{"href":"https:\/\/games.tactic.net\/fr\/wp-json\/wp\/v2\/types\/product"}],"wp:attachment":[{"href":"https:\/\/games.tactic.net\/fr\/wp-json\/wp\/v2\/media?parent=1362107"}],"wp:term":[{"taxonomy":"product_brand","embeddable":true,"href":"https:\/\/games.tactic.net\/fr\/wp-json\/wp\/v2\/product_brand?post=1362107"},{"taxonomy":"product_cat","embeddable":true,"href":"https:\/\/games.tactic.net\/fr\/wp-json\/wp\/v2\/product_cat?post=1362107"},{"taxonomy":"product_tag","embeddable":true,"href":"https:\/\/games.tactic.net\/fr\/wp-json\/wp\/v2\/product_tag?post=1362107"},{"taxonomy":"brand","embeddable":true,"href":"https:\/\/games.tactic.net\/fr\/wp-json\/wp\/v2\/brand?post=1362107"},{"taxonomy":"target-group","embeddable":true,"href":"https:\/\/games.tactic.net\/fr\/wp-json\/wp\/v2\/target-group?post=1362107"},{"taxonomy":"discontinued","embeddable":true,"href":"https:\/\/games.tactic.net\/fr\/wp-json\/wp\/v2\/discontinued?post=1362107"}],"curies":[{"name":"wp","href":"https:\/\/api.w.org\/{rel}","templated":true}]}}