{"id":1361459,"date":"2024-09-04T16:09:53","date_gmt":"2024-09-04T13:09:53","guid":{"rendered":"https:\/\/games.tactic.net\/tuote\/tactic-puzzle-lovers-birds-on-branch-1000-pcs-puzzle\/"},"modified":"2024-09-04T16:09:53","modified_gmt":"2024-09-04T13:09:53","slug":"tactic-puzzle-lovers-birds-on-branch-1000-pcs-puzzle","status":"publish","type":"product","link":"https:\/\/games.tactic.net\/fr\/tuote\/tactic-puzzle-lovers-birds-on-branch-1000-pcs-puzzle\/","title":{"rendered":"Tactic Puzzle Lovers Birds on Branch 1000 pcs puzzle"},"content":{"rendered":"<p>Puzzle Lovers 1000, une gamme de puzzles originaux \u00e0 la fois pour les d\u00e9butants et les puzzlers confirm\u00e9s. Chaque puzzle contient 1000 pi\u00e8ces de grande qualit\u00e9.<\/p>\n<p>Ce produit est fabriqu\u00e9 en Finlande dans notre propre usine TACTIC. Cette matrise de notre outils de production nous permet une enti\u00e8re tracabilit\u00e9 des materiaux que nous utilisons et la ma\u00eetrise de notre empreinte carbonne. Nous avons la certification FSC depuis 2021 sur la fabrication de nos produits.<\/p>\n","protected":false},"excerpt":{"rendered":"<p>Puzzle Lovers 1000, une gamme de puzzles originaux \u00e0 la fois pour les d\u00e9butants et les puzzlers confirm\u00e9s. Chaque puzzle contient 1000 pi\u00e8ces de grande qualit\u00e9. Ce produit est fabriqu\u00e9 en Finlande dans notre propre usine TACTIC. Cette matrise de notre outils de production nous permet une enti\u00e8re tracabilit\u00e9 des materiaux que nous utilisons et [&hellip;]<\/p>\n","protected":false},"featured_media":0,"template":"","meta":{"content-type":"","_monsterinsights_skip_tracking":false,"_monsterinsights_sitenote_active":false,"_monsterinsights_sitenote_note":"","_monsterinsights_sitenote_category":0},"product_brand":[],"product_cat":[1516],"product_tag":[],"brand":[{"id":656,"name":"PuzzleLovers","slug":"puzzlelovers_fr"}],"target-group":[],"discontinued":[],"class_list":{"0":"post-1361459","1":"product","2":"type-product","3":"status-publish","5":"product_cat-1000-pieces-puzzles-2","6":"brand-puzzlelovers_fr","8":"first","9":"instock","10":"taxable","11":"shipping-taxable","12":"product-type-simple"},"aioseo_notices":[],"_links":{"self":[{"href":"https:\/\/games.tactic.net\/fr\/wp-json\/wp\/v2\/product\/1361459","targetHints":{"allow":["GET"]}}],"collection":[{"href":"https:\/\/games.tactic.net\/fr\/wp-json\/wp\/v2\/product"}],"about":[{"href":"https:\/\/games.tactic.net\/fr\/wp-json\/wp\/v2\/types\/product"}],"wp:attachment":[{"href":"https:\/\/games.tactic.net\/fr\/wp-json\/wp\/v2\/media?parent=1361459"}],"wp:term":[{"taxonomy":"product_brand","embeddable":true,"href":"https:\/\/games.tactic.net\/fr\/wp-json\/wp\/v2\/product_brand?post=1361459"},{"taxonomy":"product_cat","embeddable":true,"href":"https:\/\/games.tactic.net\/fr\/wp-json\/wp\/v2\/product_cat?post=1361459"},{"taxonomy":"product_tag","embeddable":true,"href":"https:\/\/games.tactic.net\/fr\/wp-json\/wp\/v2\/product_tag?post=1361459"},{"taxonomy":"brand","embeddable":true,"href":"https:\/\/games.tactic.net\/fr\/wp-json\/wp\/v2\/brand?post=1361459"},{"taxonomy":"target-group","embeddable":true,"href":"https:\/\/games.tactic.net\/fr\/wp-json\/wp\/v2\/target-group?post=1361459"},{"taxonomy":"discontinued","embeddable":true,"href":"https:\/\/games.tactic.net\/fr\/wp-json\/wp\/v2\/discontinued?post=1361459"}],"curies":[{"name":"wp","href":"https:\/\/api.w.org\/{rel}","templated":true}]}}