{"id":1360810,"date":"2024-05-17T08:14:43","date_gmt":"2024-05-17T05:14:43","guid":{"rendered":"https:\/\/games.tactic.net\/tuote\/molkky-minipeli\/"},"modified":"2024-05-17T08:14:43","modified_gmt":"2024-05-17T05:14:43","slug":"molkky-minipeli","status":"publish","type":"product","link":"https:\/\/games.tactic.net\/fr\/tuote\/molkky-minipeli\/","title":{"rendered":"M\u00f6lkky\u00ae Minipeli"},"content":{"rendered":"<p>M\u00f6lkky\u00ae est le jeu de quilles d&rsquo;exterieur le plus dr\u00f4le et novateur. Dexterit\u00e9 et entrainement avec un soup\u00e7on de chance pour des parties endiabl\u00e9es.<\/p>\n","protected":false},"excerpt":{"rendered":"<p>M\u00f6lkky\u00ae est le jeu de quilles d&rsquo;exterieur le plus dr\u00f4le et novateur. Dexterit\u00e9 et entrainement avec un soup\u00e7on de chance pour des parties endiabl\u00e9es.<\/p>\n","protected":false},"featured_media":0,"template":"","meta":{"content-type":"","_monsterinsights_skip_tracking":false,"_monsterinsights_sitenote_active":false,"_monsterinsights_sitenote_note":"","_monsterinsights_sitenote_category":0},"product_brand":[],"product_cat":[1905],"product_tag":[373,578,898],"brand":[{"id":1196,"name":"M\u00f6lkky","slug":"molkky_fr"}],"target-group":[],"discontinued":[],"class_list":{"0":"post-1360810","1":"product","2":"type-product","3":"status-publish","5":"product_cat-jeux-famille","6":"product_tag-calcul","7":"product_tag-habilete","8":"product_tag-tactique","9":"brand-molkky_fr","11":"first","12":"instock","13":"taxable","14":"shipping-taxable","15":"product-type-simple"},"aioseo_notices":[],"_links":{"self":[{"href":"https:\/\/games.tactic.net\/fr\/wp-json\/wp\/v2\/product\/1360810","targetHints":{"allow":["GET"]}}],"collection":[{"href":"https:\/\/games.tactic.net\/fr\/wp-json\/wp\/v2\/product"}],"about":[{"href":"https:\/\/games.tactic.net\/fr\/wp-json\/wp\/v2\/types\/product"}],"wp:attachment":[{"href":"https:\/\/games.tactic.net\/fr\/wp-json\/wp\/v2\/media?parent=1360810"}],"wp:term":[{"taxonomy":"product_brand","embeddable":true,"href":"https:\/\/games.tactic.net\/fr\/wp-json\/wp\/v2\/product_brand?post=1360810"},{"taxonomy":"product_cat","embeddable":true,"href":"https:\/\/games.tactic.net\/fr\/wp-json\/wp\/v2\/product_cat?post=1360810"},{"taxonomy":"product_tag","embeddable":true,"href":"https:\/\/games.tactic.net\/fr\/wp-json\/wp\/v2\/product_tag?post=1360810"},{"taxonomy":"brand","embeddable":true,"href":"https:\/\/games.tactic.net\/fr\/wp-json\/wp\/v2\/brand?post=1360810"},{"taxonomy":"target-group","embeddable":true,"href":"https:\/\/games.tactic.net\/fr\/wp-json\/wp\/v2\/target-group?post=1360810"},{"taxonomy":"discontinued","embeddable":true,"href":"https:\/\/games.tactic.net\/fr\/wp-json\/wp\/v2\/discontinued?post=1360810"}],"curies":[{"name":"wp","href":"https:\/\/api.w.org\/{rel}","templated":true}]}}